{"id":1388,"date":"2025-09-05T16:15:47","date_gmt":"2025-09-05T14:15:47","guid":{"rendered":"https:\/\/ultramag.it\/?page_id=1388"},"modified":"2025-09-05T16:17:29","modified_gmt":"2025-09-05T14:17:29","slug":"accesibilidad","status":"publish","type":"page","link":"https:\/\/ultramag.it\/es\/accesibilidad\/","title":{"rendered":"Accesibilidad"},"content":{"rendered":"\n<p><strong>Declaraci\u00f3n de accesibilidad<\/strong><\/p>\n\n\n\n<p>actualizada el 03\/09\/2025<\/p>\n\n\n\n<p>Pharmanutra SpA \u2013 NIF 01679440501, via Campodavela 1 \u2013 (56122) PISA, se compromete a hacer accesible su sitio web, de conformidad con el Decreto Legislativo de 10 de agosto de 2018, n.\u00ba 106, que ha transpuesto la Directiva UE 2016\/2102 del Parlamento Europeo y del Consejo.<\/p>\n\n\n\n<p><strong>Estado de conformidad<\/strong><\/p>\n\n\n\n<p>Este sitio web es parcialmente conforme con los requisitos establecidos en el anexo A de la norma UNI EN 301549:2018 (WCAG 2.1) y con los requisitos del anexo A del Decreto Ministerial de 5 de julio de 2005 (WCAG 2.0).<\/p>\n\n\n\n<p><strong>Contenidos no accesibles<\/strong><\/p>\n\n\n\n<p>Los contenidos que se enumeran a continuaci\u00f3n no son accesibles por las siguientes razones:<\/p>\n\n\n\n<ul class=\"wp-block-list\">\n<li>Incumplimiento de la Ley 4\/2004<\/li>\n\n\n\n<li>Algunos elementos no cumplen con el contraste de color<\/li>\n\n\n\n<li>La falta de algunas etiquetas sem\u00e1nticas limita parcialmente la navegaci\u00f3n mediante lectores de pantalla<\/li>\n<\/ul>\n\n\n\n<p>A pesar del compromiso de Pharmanutra S.p.A., pueden existir otros elementos no conformes que no se mencionan en la presente Declaraci\u00f3n.<\/p>\n\n\n\n<p><strong>Redacci\u00f3n de la Declaraci\u00f3n de Accesibilidad<\/strong><\/p>\n\n\n\n<p>La declaraci\u00f3n se ha elaborado utilizando una evaluaci\u00f3n conforme a lo establecido en la Directiva (UE) 2016\/2102, mediante una autoevaluaci\u00f3n realizada por Pharmanutra S.p.A. con la ayuda de herramientas autom\u00e1ticas.<\/p>\n\n\n\n<p><strong>Modalidades de env\u00edo de notificaciones y datos de contacto del proveedor<\/strong><\/p>\n\n\n\n<p>Para notificar casos de incumplimiento de los requisitos de accesibilidad, escriba al correo electr\u00f3nico&nbsp;<strong><a>marketing@pharmanutra.it<\/a><\/strong>, indicando:<\/p>\n\n\n\n<ul class=\"wp-block-list\">\n<li>la URL de la p\u00e1gina web objeto de la notificaci\u00f3n<\/li>\n\n\n\n<li>una descripci\u00f3n clara y concisa del problema detectado<\/li>\n<\/ul>\n\n\n\n<p><strong>Modalidades de env\u00edo de notificaciones a la AgID<\/strong><\/p>\n\n\n\n<p>En caso de respuesta insatisfactoria o de ausencia de respuesta, en un plazo de treinta d\u00edas, a la notificaci\u00f3n o a la solicitud, el interesado puede presentar una reclamaci\u00f3n utilizando el siguiente enlace:&nbsp;<strong><a href=\"https:\/\/form.agid.gov.it\/form\/procedura-attuazione\/55b265ed-fe45-44f6-8c10-2708d1208742\">Reclamaci\u00f3n al Defensor C\u00edvico para lo Digital<\/a><\/strong><\/p>\n","protected":false},"excerpt":{"rendered":"<p>Declaraci\u00f3n de accesibilidad actualizada el 03\/09\/2025 Pharmanutra SpA \u2013 NIF 01679440501, via Campodavela 1 \u2013 (56122) PISA, se compromete a hacer accesible su sitio web, de conformidad con el Decreto Legislativo de 10 de agosto de 2018, n.\u00ba 106, que ha transpuesto la Directiva UE 2016\/2102 del Parlamento Europeo y del Consejo. Estado de conformidad [&hellip;]<\/p>\n","protected":false},"author":8,"featured_media":0,"parent":0,"menu_order":0,"comment_status":"closed","ping_status":"closed","template":"","meta":{"_acf_changed":false,"footnotes":""},"class_list":["post-1388","page","type-page","status-publish","hentry"],"acf":[],"yoast_head":"<!-- This site is optimized with the Yoast SEO plugin v27.3 - https:\/\/yoast.com\/product\/yoast-seo-wordpress\/ -->\n<title>Accesibilidad - UltraMag\u00ae<\/title>\n<meta name=\"robots\" content=\"index, follow, max-snippet:-1, max-image-preview:large, max-video-preview:-1\" \/>\n<link rel=\"canonical\" href=\"https:\/\/ultramag.it\/es\/accesibilidad\/\" \/>\n<meta property=\"og:locale\" content=\"es_ES\" \/>\n<meta property=\"og:type\" content=\"article\" \/>\n<meta property=\"og:title\" content=\"Accesibilidad - UltraMag\u00ae\" \/>\n<meta property=\"og:description\" content=\"Declaraci\u00f3n de accesibilidad actualizada el 03\/09\/2025 Pharmanutra SpA \u2013 NIF 01679440501, via Campodavela 1 \u2013 (56122) PISA, se compromete a hacer accesible su sitio web, de conformidad con el Decreto Legislativo de 10 de agosto de 2018, n.\u00ba 106, que ha transpuesto la Directiva UE 2016\/2102 del Parlamento Europeo y del Consejo. Estado de conformidad [&hellip;]\" \/>\n<meta property=\"og:url\" content=\"https:\/\/ultramag.it\/es\/accesibilidad\/\" \/>\n<meta property=\"og:site_name\" content=\"UltraMag\u00ae\" \/>\n<meta property=\"article:modified_time\" content=\"2025-09-05T14:17:29+00:00\" \/>\n<meta name=\"twitter:card\" content=\"summary_large_image\" \/>\n<meta name=\"twitter:label1\" content=\"Tiempo de lectura\" \/>\n\t<meta name=\"twitter:data1\" content=\"2 minutos\" \/>\n<script type=\"application\/ld+json\" class=\"yoast-schema-graph\">{\"@context\":\"https:\\\/\\\/schema.org\",\"@graph\":[{\"@type\":\"WebPage\",\"@id\":\"https:\\\/\\\/ultramag.it\\\/es\\\/accesibilidad\\\/\",\"url\":\"https:\\\/\\\/ultramag.it\\\/es\\\/accesibilidad\\\/\",\"name\":\"Accesibilidad - UltraMag\u00ae\",\"isPartOf\":{\"@id\":\"https:\\\/\\\/ultramag.it\\\/es\\\/#website\"},\"datePublished\":\"2025-09-05T14:15:47+00:00\",\"dateModified\":\"2025-09-05T14:17:29+00:00\",\"breadcrumb\":{\"@id\":\"https:\\\/\\\/ultramag.it\\\/es\\\/accesibilidad\\\/#breadcrumb\"},\"inLanguage\":\"es\",\"potentialAction\":[{\"@type\":\"ReadAction\",\"target\":[\"https:\\\/\\\/ultramag.it\\\/es\\\/accesibilidad\\\/\"]}]},{\"@type\":\"BreadcrumbList\",\"@id\":\"https:\\\/\\\/ultramag.it\\\/es\\\/accesibilidad\\\/#breadcrumb\",\"itemListElement\":[{\"@type\":\"ListItem\",\"position\":1,\"name\":\"Home\",\"item\":\"https:\\\/\\\/ultramag.it\\\/es\\\/\"},{\"@type\":\"ListItem\",\"position\":2,\"name\":\"Accesibilidad\"}]},{\"@type\":\"WebSite\",\"@id\":\"https:\\\/\\\/ultramag.it\\\/es\\\/#website\",\"url\":\"https:\\\/\\\/ultramag.it\\\/es\\\/\",\"name\":\"UltraMag\u00ae\",\"description\":\"es un complemento alimenticio a base de &lt;strong&gt;Magnesio Sucrosomial&lt;sup&gt;\u00ae&lt;\\\/strong&gt;&lt;\\\/sup&gt;, \u00fatil para cubrir las deficiencias nutricionales, o el aumento de las necesidades org\u00e1nicas de este nutriente.\",\"publisher\":{\"@id\":\"https:\\\/\\\/ultramag.it\\\/es\\\/#organization\"},\"potentialAction\":[{\"@type\":\"SearchAction\",\"target\":{\"@type\":\"EntryPoint\",\"urlTemplate\":\"https:\\\/\\\/ultramag.it\\\/es\\\/?s={search_term_string}\"},\"query-input\":{\"@type\":\"PropertyValueSpecification\",\"valueRequired\":true,\"valueName\":\"search_term_string\"}}],\"inLanguage\":\"es\"},{\"@type\":\"Organization\",\"@id\":\"https:\\\/\\\/ultramag.it\\\/es\\\/#organization\",\"name\":\"UltraMag\u00ae\",\"url\":\"https:\\\/\\\/ultramag.it\\\/es\\\/\",\"logo\":{\"@type\":\"ImageObject\",\"inLanguage\":\"es\",\"@id\":\"https:\\\/\\\/ultramag.it\\\/es\\\/#\\\/schema\\\/logo\\\/image\\\/\",\"url\":\"https:\\\/\\\/ultramag.it\\\/wp-content\\\/uploads\\\/2023\\\/03\\\/logo_ultramag_2020_SF_bianco.png\",\"contentUrl\":\"https:\\\/\\\/ultramag.it\\\/wp-content\\\/uploads\\\/2023\\\/03\\\/logo_ultramag_2020_SF_bianco.png\",\"width\":1000,\"height\":294,\"caption\":\"UltraMag\u00ae\"},\"image\":{\"@id\":\"https:\\\/\\\/ultramag.it\\\/es\\\/#\\\/schema\\\/logo\\\/image\\\/\"}}]}<\/script>\n<!-- \/ Yoast SEO plugin. -->","yoast_head_json":{"title":"Accesibilidad - UltraMag\u00ae","robots":{"index":"index","follow":"follow","max-snippet":"max-snippet:-1","max-image-preview":"max-image-preview:large","max-video-preview":"max-video-preview:-1"},"canonical":"https:\/\/ultramag.it\/es\/accesibilidad\/","og_locale":"es_ES","og_type":"article","og_title":"Accesibilidad - UltraMag\u00ae","og_description":"Declaraci\u00f3n de accesibilidad actualizada el 03\/09\/2025 Pharmanutra SpA \u2013 NIF 01679440501, via Campodavela 1 \u2013 (56122) PISA, se compromete a hacer accesible su sitio web, de conformidad con el Decreto Legislativo de 10 de agosto de 2018, n.\u00ba 106, que ha transpuesto la Directiva UE 2016\/2102 del Parlamento Europeo y del Consejo. Estado de conformidad [&hellip;]","og_url":"https:\/\/ultramag.it\/es\/accesibilidad\/","og_site_name":"UltraMag\u00ae","article_modified_time":"2025-09-05T14:17:29+00:00","twitter_card":"summary_large_image","twitter_misc":{"Tiempo de lectura":"2 minutos"},"schema":{"@context":"https:\/\/schema.org","@graph":[{"@type":"WebPage","@id":"https:\/\/ultramag.it\/es\/accesibilidad\/","url":"https:\/\/ultramag.it\/es\/accesibilidad\/","name":"Accesibilidad - UltraMag\u00ae","isPartOf":{"@id":"https:\/\/ultramag.it\/es\/#website"},"datePublished":"2025-09-05T14:15:47+00:00","dateModified":"2025-09-05T14:17:29+00:00","breadcrumb":{"@id":"https:\/\/ultramag.it\/es\/accesibilidad\/#breadcrumb"},"inLanguage":"es","potentialAction":[{"@type":"ReadAction","target":["https:\/\/ultramag.it\/es\/accesibilidad\/"]}]},{"@type":"BreadcrumbList","@id":"https:\/\/ultramag.it\/es\/accesibilidad\/#breadcrumb","itemListElement":[{"@type":"ListItem","position":1,"name":"Home","item":"https:\/\/ultramag.it\/es\/"},{"@type":"ListItem","position":2,"name":"Accesibilidad"}]},{"@type":"WebSite","@id":"https:\/\/ultramag.it\/es\/#website","url":"https:\/\/ultramag.it\/es\/","name":"UltraMag\u00ae","description":"es un complemento alimenticio a base de &lt;strong&gt;Magnesio Sucrosomial&lt;sup&gt;\u00ae&lt;\/strong&gt;&lt;\/sup&gt;, \u00fatil para cubrir las deficiencias nutricionales, o el aumento de las necesidades org\u00e1nicas de este nutriente.","publisher":{"@id":"https:\/\/ultramag.it\/es\/#organization"},"potentialAction":[{"@type":"SearchAction","target":{"@type":"EntryPoint","urlTemplate":"https:\/\/ultramag.it\/es\/?s={search_term_string}"},"query-input":{"@type":"PropertyValueSpecification","valueRequired":true,"valueName":"search_term_string"}}],"inLanguage":"es"},{"@type":"Organization","@id":"https:\/\/ultramag.it\/es\/#organization","name":"UltraMag\u00ae","url":"https:\/\/ultramag.it\/es\/","logo":{"@type":"ImageObject","inLanguage":"es","@id":"https:\/\/ultramag.it\/es\/#\/schema\/logo\/image\/","url":"https:\/\/ultramag.it\/wp-content\/uploads\/2023\/03\/logo_ultramag_2020_SF_bianco.png","contentUrl":"https:\/\/ultramag.it\/wp-content\/uploads\/2023\/03\/logo_ultramag_2020_SF_bianco.png","width":1000,"height":294,"caption":"UltraMag\u00ae"},"image":{"@id":"https:\/\/ultramag.it\/es\/#\/schema\/logo\/image\/"}}]}},"_links":{"self":[{"href":"https:\/\/ultramag.it\/es\/wp-json\/wp\/v2\/pages\/1388","targetHints":{"allow":["GET"]}}],"collection":[{"href":"https:\/\/ultramag.it\/es\/wp-json\/wp\/v2\/pages"}],"about":[{"href":"https:\/\/ultramag.it\/es\/wp-json\/wp\/v2\/types\/page"}],"author":[{"embeddable":true,"href":"https:\/\/ultramag.it\/es\/wp-json\/wp\/v2\/users\/8"}],"replies":[{"embeddable":true,"href":"https:\/\/ultramag.it\/es\/wp-json\/wp\/v2\/comments?post=1388"}],"version-history":[{"count":1,"href":"https:\/\/ultramag.it\/es\/wp-json\/wp\/v2\/pages\/1388\/revisions"}],"predecessor-version":[{"id":1389,"href":"https:\/\/ultramag.it\/es\/wp-json\/wp\/v2\/pages\/1388\/revisions\/1389"}],"wp:attachment":[{"href":"https:\/\/ultramag.it\/es\/wp-json\/wp\/v2\/media?parent=1388"}],"curies":[{"name":"wp","href":"https:\/\/api.w.org\/{rel}","templated":true}]}}