{"id":1351,"date":"2021-02-26T11:09:05","date_gmt":"2021-02-26T10:09:05","guid":{"rendered":"https:\/\/ultramag.it\/?page_id=1351"},"modified":"2024-03-08T09:19:33","modified_gmt":"2024-03-08T08:19:33","slug":"aviso-legal-online-formulario-de-contacto","status":"publish","type":"page","link":"https:\/\/ultramag.it\/es\/aviso-legal-online-formulario-de-contacto\/","title":{"rendered":"Aviso legal online formulario de contacto"},"content":{"rendered":"\n<p>Pharmanutra spa, via Campodavela 1 \u2013 (56122) Pisa \u2013 P.Iva 01679440501 , Tel: +39 050 7846500, como responsable del tratamiento de sus datos personales, conforme y a los efectos del Reglamento UE 2016\/679, en lo sucesivo \u00abRGPD\u00bb, mediante la presente le informa de que la mencionada normativa contempla la protecci\u00f3n de los interesados en relaci\u00f3n con el tratamiento de los datos personales y que dicho tratamiento se basar\u00e1 en los principios de correcci\u00f3n, legalidad, transparencia y protecci\u00f3n de su privacidad y sus derechos.<\/p>\n\n\n\n<p><strong>Finalidad del tratamiento<\/strong><\/p>\n\n\n\n<p>Los datos personales de identificaci\u00f3n del interesado, usuario del sitio web, constituyen el objeto del tratamiento y se procesan y utilizan directamente para el seguimiento de la solicitud de informaci\u00f3n del usuario relacionada con las actividades de la empresa o para otras solicitudes del cliente, as\u00ed como para la consecuci\u00f3n de fines instrumentales y\/o complementarios, como el archivo, el tratamiento en pleno cumplimiento del principio de lealtad y licitud y de las disposiciones legales.<\/p>\n\n\n\n<p><strong>Comunicaci\u00f3n de datos y consentimiento<\/strong><\/p>\n\n\n\n<p>Para solicitar informaci\u00f3n y dar una respuesta o enviar una profundizaci\u00f3n, necesitamos todos los datos, incluida la direcci\u00f3n de correo electr\u00f3nico a la que podemos enviar respuestas claras. Por lo tanto, la comunicaci\u00f3n de los datos es obligatoria.<\/p>\n\n\n\n<p><strong>M\u00e9todos de tratamiento<\/strong><\/p>\n\n\n\n<p>El tratamiento de sus datos personales ser\u00e1 coherente con los principios de lealtad, licitud y transparencia, protegiendo su privacidad y sus derechos. Se procesar\u00e1n con la ayuda de los sistemas inform\u00e1ticos actuales o ser\u00e1n impresos en papel por personal especialmente autorizado. El Responsable implementar\u00e1 medidas t\u00e9cnicas y organizativas adecuadas para el nivel de riesgo.<\/p>\n\n\n\n<p><strong>Transferencia de Datos a terceros pa\u00edses<\/strong><\/p>\n\n\n\n<p>Los datos del interesado no se transferir\u00e1n a pa\u00edses terceros fuera de Europa. Si en el futuro se debieran transferir los Datos a pa\u00edses terceros fuera de Europa o a organizaciones internacionales, se cumplir\u00e1n todas las disposiciones del Cap\u00edtulo V (Reglamento UE 2016\/679) para garantizar un nivel de protecci\u00f3n adecuado.<\/p>\n\n\n\n<p><strong>Derechos del interesado<\/strong><\/p>\n\n\n\n<p>El interesado tiene derecho a solicitar al responsable del tratamiento el acceso a sus datos personales, su rectificaci\u00f3n o supresi\u00f3n o la limitaci\u00f3n de su tratamiento o a oponerse a su tratamiento. Tambi\u00e9n tendr\u00e1 derecho a solicitar informaci\u00f3n espec\u00edfica completa relativa a sus derechos escribiendo a la direcci\u00f3n del Responsable del tratamiento.<\/p>\n\n\n\n<p>DERECHO DE RECLAMACI\u00d3N<\/p>\n\n\n\n<p>Si considera que el tratamiento que le concierne infringe el Reglamento GDPR UE-2016\/679 tiene derecho a reclamar ante el Supervisor de Protecci\u00f3n de Datos a trav\u00e9s de los contactos disponibles en la web https:\/\/www.garanteprivacy.it\/.<\/p>\n\n\n\n<p><strong>Comunicaci\u00f3n y difusi\u00f3n de los datos<\/strong><\/p>\n\n\n\n<p>Los datos recogidos no ser\u00e1n difundidos, vendidos ni materia de intercambio con terceros sin el consentimiento expreso del interesado, salvo las comunicaciones necesarias para la prestaci\u00f3n del servicio solicitado.<\/p>\n\n\n\n<p>Los datos tambi\u00e9n pueden ser comunicados a las autoridades competentes, conforme a la ley.<\/p>\n\n\n\n<p><strong>Plazo de conservaci\u00f3n<\/strong><\/p>\n\n\n\n<p>Los datos se conservar\u00e1n durante el tiempo estrictamente necesario para las finalidades mencionadas. Si se estableciera una relaci\u00f3n de colaboraci\u00f3n o suministro, los datos se almacenar\u00e1n conforme a la ley.<\/p>\n","protected":false},"excerpt":{"rendered":"<p>Pharmanutra spa, via Campodavela 1 \u2013 (56122) Pisa \u2013 P.Iva 01679440501 , Tel: +39 050 7846500, como responsable del tratamiento de sus datos personales, conforme y a los efectos del Reglamento UE 2016\/679, en lo sucesivo \u00abRGPD\u00bb, mediante la presente le informa de que la mencionada normativa contempla la protecci\u00f3n de los interesados en relaci\u00f3n [&hellip;]<\/p>\n","protected":false},"author":8,"featured_media":0,"parent":0,"menu_order":0,"comment_status":"closed","ping_status":"closed","template":"","meta":{"_acf_changed":false,"footnotes":""},"class_list":["post-1351","page","type-page","status-publish","hentry"],"acf":[],"yoast_head":"<!-- This site is optimized with the Yoast SEO plugin v27.4 - https:\/\/yoast.com\/product\/yoast-seo-wordpress\/ -->\n<title>Aviso legal online formulario de contacto - UltraMag\u00ae<\/title>\n<meta name=\"robots\" content=\"index, follow, max-snippet:-1, max-image-preview:large, max-video-preview:-1\" \/>\n<link rel=\"canonical\" href=\"https:\/\/ultramag.it\/es\/aviso-legal-online-formulario-de-contacto\/\" \/>\n<meta property=\"og:locale\" content=\"es_ES\" \/>\n<meta property=\"og:type\" content=\"article\" \/>\n<meta property=\"og:title\" content=\"Aviso legal online formulario de contacto - UltraMag\u00ae\" \/>\n<meta property=\"og:description\" content=\"Pharmanutra spa, via Campodavela 1 \u2013 (56122) Pisa \u2013 P.Iva 01679440501 , Tel: +39 050 7846500, como responsable del tratamiento de sus datos personales, conforme y a los efectos del Reglamento UE 2016\/679, en lo sucesivo \u00abRGPD\u00bb, mediante la presente le informa de que la mencionada normativa contempla la protecci\u00f3n de los interesados en relaci\u00f3n [&hellip;]\" \/>\n<meta property=\"og:url\" content=\"https:\/\/ultramag.it\/es\/aviso-legal-online-formulario-de-contacto\/\" \/>\n<meta property=\"og:site_name\" content=\"UltraMag\u00ae\" \/>\n<meta property=\"article:modified_time\" content=\"2024-03-08T08:19:33+00:00\" \/>\n<meta name=\"twitter:card\" content=\"summary_large_image\" \/>\n<meta name=\"twitter:label1\" content=\"Tiempo de lectura\" \/>\n\t<meta name=\"twitter:data1\" content=\"3 minutos\" \/>\n<script type=\"application\/ld+json\" class=\"yoast-schema-graph\">{\"@context\":\"https:\\\/\\\/schema.org\",\"@graph\":[{\"@type\":\"WebPage\",\"@id\":\"https:\\\/\\\/ultramag.it\\\/es\\\/aviso-legal-online-formulario-de-contacto\\\/\",\"url\":\"https:\\\/\\\/ultramag.it\\\/es\\\/aviso-legal-online-formulario-de-contacto\\\/\",\"name\":\"Aviso legal online formulario de contacto - UltraMag\u00ae\",\"isPartOf\":{\"@id\":\"https:\\\/\\\/ultramag.it\\\/es\\\/#website\"},\"datePublished\":\"2021-02-26T10:09:05+00:00\",\"dateModified\":\"2024-03-08T08:19:33+00:00\",\"breadcrumb\":{\"@id\":\"https:\\\/\\\/ultramag.it\\\/es\\\/aviso-legal-online-formulario-de-contacto\\\/#breadcrumb\"},\"inLanguage\":\"es\",\"potentialAction\":[{\"@type\":\"ReadAction\",\"target\":[\"https:\\\/\\\/ultramag.it\\\/es\\\/aviso-legal-online-formulario-de-contacto\\\/\"]}]},{\"@type\":\"BreadcrumbList\",\"@id\":\"https:\\\/\\\/ultramag.it\\\/es\\\/aviso-legal-online-formulario-de-contacto\\\/#breadcrumb\",\"itemListElement\":[{\"@type\":\"ListItem\",\"position\":1,\"name\":\"Home\",\"item\":\"https:\\\/\\\/ultramag.it\\\/es\\\/\"},{\"@type\":\"ListItem\",\"position\":2,\"name\":\"Aviso legal online formulario de contacto\"}]},{\"@type\":\"WebSite\",\"@id\":\"https:\\\/\\\/ultramag.it\\\/es\\\/#website\",\"url\":\"https:\\\/\\\/ultramag.it\\\/es\\\/\",\"name\":\"UltraMag\u00ae\",\"description\":\"es un complemento alimenticio a base de &lt;strong&gt;Magnesio Sucrosomial&lt;sup&gt;\u00ae&lt;\\\/strong&gt;&lt;\\\/sup&gt;, \u00fatil para cubrir las deficiencias nutricionales, o el aumento de las necesidades org\u00e1nicas de este nutriente.\",\"publisher\":{\"@id\":\"https:\\\/\\\/ultramag.it\\\/es\\\/#organization\"},\"potentialAction\":[{\"@type\":\"SearchAction\",\"target\":{\"@type\":\"EntryPoint\",\"urlTemplate\":\"https:\\\/\\\/ultramag.it\\\/es\\\/?s={search_term_string}\"},\"query-input\":{\"@type\":\"PropertyValueSpecification\",\"valueRequired\":true,\"valueName\":\"search_term_string\"}}],\"inLanguage\":\"es\"},{\"@type\":\"Organization\",\"@id\":\"https:\\\/\\\/ultramag.it\\\/es\\\/#organization\",\"name\":\"UltraMag\u00ae\",\"url\":\"https:\\\/\\\/ultramag.it\\\/es\\\/\",\"logo\":{\"@type\":\"ImageObject\",\"inLanguage\":\"es\",\"@id\":\"https:\\\/\\\/ultramag.it\\\/es\\\/#\\\/schema\\\/logo\\\/image\\\/\",\"url\":\"https:\\\/\\\/ultramag.it\\\/wp-content\\\/uploads\\\/2023\\\/03\\\/logo_ultramag_2020_SF_bianco.png\",\"contentUrl\":\"https:\\\/\\\/ultramag.it\\\/wp-content\\\/uploads\\\/2023\\\/03\\\/logo_ultramag_2020_SF_bianco.png\",\"width\":1000,\"height\":294,\"caption\":\"UltraMag\u00ae\"},\"image\":{\"@id\":\"https:\\\/\\\/ultramag.it\\\/es\\\/#\\\/schema\\\/logo\\\/image\\\/\"}}]}<\/script>\n<!-- \/ Yoast SEO plugin. -->","yoast_head_json":{"title":"Aviso legal online formulario de contacto - UltraMag\u00ae","robots":{"index":"index","follow":"follow","max-snippet":"max-snippet:-1","max-image-preview":"max-image-preview:large","max-video-preview":"max-video-preview:-1"},"canonical":"https:\/\/ultramag.it\/es\/aviso-legal-online-formulario-de-contacto\/","og_locale":"es_ES","og_type":"article","og_title":"Aviso legal online formulario de contacto - UltraMag\u00ae","og_description":"Pharmanutra spa, via Campodavela 1 \u2013 (56122) Pisa \u2013 P.Iva 01679440501 , Tel: +39 050 7846500, como responsable del tratamiento de sus datos personales, conforme y a los efectos del Reglamento UE 2016\/679, en lo sucesivo \u00abRGPD\u00bb, mediante la presente le informa de que la mencionada normativa contempla la protecci\u00f3n de los interesados en relaci\u00f3n [&hellip;]","og_url":"https:\/\/ultramag.it\/es\/aviso-legal-online-formulario-de-contacto\/","og_site_name":"UltraMag\u00ae","article_modified_time":"2024-03-08T08:19:33+00:00","twitter_card":"summary_large_image","twitter_misc":{"Tiempo de lectura":"3 minutos"},"schema":{"@context":"https:\/\/schema.org","@graph":[{"@type":"WebPage","@id":"https:\/\/ultramag.it\/es\/aviso-legal-online-formulario-de-contacto\/","url":"https:\/\/ultramag.it\/es\/aviso-legal-online-formulario-de-contacto\/","name":"Aviso legal online formulario de contacto - UltraMag\u00ae","isPartOf":{"@id":"https:\/\/ultramag.it\/es\/#website"},"datePublished":"2021-02-26T10:09:05+00:00","dateModified":"2024-03-08T08:19:33+00:00","breadcrumb":{"@id":"https:\/\/ultramag.it\/es\/aviso-legal-online-formulario-de-contacto\/#breadcrumb"},"inLanguage":"es","potentialAction":[{"@type":"ReadAction","target":["https:\/\/ultramag.it\/es\/aviso-legal-online-formulario-de-contacto\/"]}]},{"@type":"BreadcrumbList","@id":"https:\/\/ultramag.it\/es\/aviso-legal-online-formulario-de-contacto\/#breadcrumb","itemListElement":[{"@type":"ListItem","position":1,"name":"Home","item":"https:\/\/ultramag.it\/es\/"},{"@type":"ListItem","position":2,"name":"Aviso legal online formulario de contacto"}]},{"@type":"WebSite","@id":"https:\/\/ultramag.it\/es\/#website","url":"https:\/\/ultramag.it\/es\/","name":"UltraMag\u00ae","description":"es un complemento alimenticio a base de &lt;strong&gt;Magnesio Sucrosomial&lt;sup&gt;\u00ae&lt;\/strong&gt;&lt;\/sup&gt;, \u00fatil para cubrir las deficiencias nutricionales, o el aumento de las necesidades org\u00e1nicas de este nutriente.","publisher":{"@id":"https:\/\/ultramag.it\/es\/#organization"},"potentialAction":[{"@type":"SearchAction","target":{"@type":"EntryPoint","urlTemplate":"https:\/\/ultramag.it\/es\/?s={search_term_string}"},"query-input":{"@type":"PropertyValueSpecification","valueRequired":true,"valueName":"search_term_string"}}],"inLanguage":"es"},{"@type":"Organization","@id":"https:\/\/ultramag.it\/es\/#organization","name":"UltraMag\u00ae","url":"https:\/\/ultramag.it\/es\/","logo":{"@type":"ImageObject","inLanguage":"es","@id":"https:\/\/ultramag.it\/es\/#\/schema\/logo\/image\/","url":"https:\/\/ultramag.it\/wp-content\/uploads\/2023\/03\/logo_ultramag_2020_SF_bianco.png","contentUrl":"https:\/\/ultramag.it\/wp-content\/uploads\/2023\/03\/logo_ultramag_2020_SF_bianco.png","width":1000,"height":294,"caption":"UltraMag\u00ae"},"image":{"@id":"https:\/\/ultramag.it\/es\/#\/schema\/logo\/image\/"}}]}},"_links":{"self":[{"href":"https:\/\/ultramag.it\/es\/wp-json\/wp\/v2\/pages\/1351","targetHints":{"allow":["GET"]}}],"collection":[{"href":"https:\/\/ultramag.it\/es\/wp-json\/wp\/v2\/pages"}],"about":[{"href":"https:\/\/ultramag.it\/es\/wp-json\/wp\/v2\/types\/page"}],"author":[{"embeddable":true,"href":"https:\/\/ultramag.it\/es\/wp-json\/wp\/v2\/users\/8"}],"replies":[{"embeddable":true,"href":"https:\/\/ultramag.it\/es\/wp-json\/wp\/v2\/comments?post=1351"}],"version-history":[{"count":1,"href":"https:\/\/ultramag.it\/es\/wp-json\/wp\/v2\/pages\/1351\/revisions"}],"predecessor-version":[{"id":1352,"href":"https:\/\/ultramag.it\/es\/wp-json\/wp\/v2\/pages\/1351\/revisions\/1352"}],"wp:attachment":[{"href":"https:\/\/ultramag.it\/es\/wp-json\/wp\/v2\/media?parent=1351"}],"curies":[{"name":"wp","href":"https:\/\/api.w.org\/{rel}","templated":true}]}}