{"id":1286,"date":"2021-03-04T12:40:52","date_gmt":"2021-03-04T11:40:52","guid":{"rendered":"https:\/\/ultramag.it\/?page_id=1286"},"modified":"2024-02-05T17:19:36","modified_gmt":"2024-02-05T16:19:36","slug":"ultramag-posologia","status":"publish","type":"page","link":"https:\/\/ultramag.it\/es\/ultramag-posologia\/","title":{"rendered":"UltraMag\u00ae: dosis"},"content":{"rendered":"\n<h2 class=\"wp-block-heading\"><em>\u00bfPor qu\u00e9 tomar UltraMag\u00ae, complemento de Magnesio Sucrosomial\u00ae en sobres?<\/em><\/h2>\n\n\n\n<p><\/p>\n\n\n\n<div class=\"wp-block-media-text alignwide is-stacked-on-mobile\" style=\"grid-template-columns:40% auto\"><figure class=\"wp-block-media-text__media\"><img loading=\"lazy\" decoding=\"async\" width=\"1024\" height=\"709\" src=\"https:\/\/ultramag.it\/wp-content\/uploads\/2021\/02\/pack_mododuso-1024x709.png\" alt=\"ultramag - illustrazione modo d'uso - packaging pi\u00f9 bustina e bicchiere d'acqua\" class=\"wp-image-145 size-full\" srcset=\"https:\/\/ultramag.it\/wp-content\/uploads\/2021\/02\/pack_mododuso-1024x709.png 1024w, https:\/\/ultramag.it\/wp-content\/uploads\/2021\/02\/pack_mododuso-300x208.png 300w, https:\/\/ultramag.it\/wp-content\/uploads\/2021\/02\/pack_mododuso-768x532.png 768w, https:\/\/ultramag.it\/wp-content\/uploads\/2021\/02\/pack_mododuso.png 1200w\" sizes=\"auto, (max-width: 1024px) 100vw, 1024px\" \/><\/figure><div class=\"wp-block-media-text__content\">\n<p>No es raro que el requerimiento diario de magnesio aumente en determinados periodos del a\u00f1o (cambios estacionales, verano) o en algunas etapas de la vida como el embarazo y la lactancia, la menopausia y la edad avanzada. El estilo de vida tambi\u00e9n influye de manera decisiva: el estr\u00e9s y los ritmos fren\u00e9ticos ponen bajo presi\u00f3n al organismo tanto desde el punto de vista psicol\u00f3gico como f\u00edsico. Por no hablar de quienes practican deporte, que siempre deben reponer el magnesio y las sales minerales perdidas durante el entrenamiento.<\/p>\n\n\n\n<p>En todos estos casos, el uso de <strong>complementos de magnesio<\/strong> se convierte en un h\u00e1bito saludable.<\/p>\n<\/div><\/div>\n\n\n\n<p><\/p>\n\n\n\n<h2 class=\"wp-block-heading\"><br><em>\u00bfCu\u00e1ndo se debe tomar UltraMag\u00ae? \u00bfHay un horario espec\u00edfico?<\/em><\/h2>\n\n\n\n<p>UltraMag\u00ae puede tomarse a cualquier hora del d\u00eda, de ser posible fuera de las comidas.<\/p>\n\n\n\n<div class=\"wp-block-media-text alignwide is-stacked-on-mobile is-vertically-aligned-center\" style=\"grid-template-columns:22% auto\"><figure class=\"wp-block-media-text__media\"><img loading=\"lazy\" decoding=\"async\" width=\"226\" height=\"139\" src=\"https:\/\/ultramag.it\/wp-content\/uploads\/2021\/02\/laMattina.png\" alt=\"\" class=\"wp-image-141 size-full\"\/><\/figure><div class=\"wp-block-media-text__content\">\n<p><strong>Si tomas UltraMag\u00ae por la ma\u00f1ana&#8230;<\/strong><br>Tomar magnesio por la ma\u00f1ana ayuda a mantener el metabolismo energ\u00e9tico normal, el sistema nervioso normal y la funci\u00f3n psicol\u00f3gica.<\/p>\n<\/div><\/div>\n\n\n\n<div class=\"wp-block-media-text alignwide is-stacked-on-mobile is-vertically-aligned-center\" style=\"grid-template-columns:23% auto\"><figure class=\"wp-block-media-text__media\"><img loading=\"lazy\" decoding=\"async\" width=\"226\" height=\"187\" src=\"https:\/\/ultramag.it\/wp-content\/uploads\/2021\/02\/DopoLoSport.png\" alt=\"\" class=\"wp-image-143 size-full\"\/><\/figure><div class=\"wp-block-media-text__content\">\n<p><strong>Si tomas UltraMag\u00ae despu\u00e9s de hacer deporte&#8230;<\/strong><br>Despu\u00e9s de un entrenamiento intenso, siempre es recomendable reponer la cantidad de magnesio y otros minerales esenciales que se pierden con la sudoraci\u00f3n<\/p>\n<\/div><\/div>\n\n\n\n<div class=\"wp-block-media-text alignwide is-stacked-on-mobile is-vertically-aligned-center\" style=\"grid-template-columns:22% auto\"><figure class=\"wp-block-media-text__media\"><img loading=\"lazy\" decoding=\"async\" width=\"226\" height=\"139\" src=\"https:\/\/ultramag.it\/wp-content\/uploads\/2021\/02\/laSera.png\" alt=\"\" class=\"wp-image-142 size-full\"\/><\/figure><div class=\"wp-block-media-text__content\">\n<p><strong>Si tomas UltraMag\u00ae por la noche&#8230;<\/strong><br>Tomar magnesio antes de irse a dormir ayuda a reducir la sensaci\u00f3n de cansancio y fatiga, favoreciendo as\u00ed la relajaci\u00f3n y el descanso nocturno.<\/p>\n<\/div><\/div>\n\n\n\n<div class=\"wp-block-buttons is-horizontal is-content-justification-center is-layout-flex wp-container-core-buttons-is-layout-499968f5 wp-block-buttons-is-layout-flex\">\n<div class=\"wp-block-button\"><a class=\"wp-block-button__link has-white-color has-text-color has-background wp-element-button\" href=\"https:\/\/ultramag.it\/wp-content\/uploads\/2024\/02\/Ultramag-LEAFLET-Spagna.pdf\" style=\"border-radius:15px;background:linear-gradient(90deg,rgb(146,55,138) 0%,rgb(129,79,151) 50%,rgb(93,93,159) 100%)\" target=\"_blank\" rel=\"noreferrer noopener\"><strong><strong>Descargar el prospecto<\/strong><\/strong><\/a><\/div>\n<\/div>\n\n\n\n<div style=\"height:100px\" aria-hidden=\"true\" class=\"wp-block-spacer\"><\/div>\n","protected":false},"excerpt":{"rendered":"<p>\u00bfPor qu\u00e9 tomar UltraMag\u00ae, complemento de Magnesio Sucrosomial\u00ae en sobres? No es raro que el requerimiento diario de magnesio aumente en determinados periodos del a\u00f1o (cambios estacionales, verano) o en algunas etapas de la vida como el embarazo y la lactancia, la menopausia y la edad avanzada. El estilo de vida tambi\u00e9n influye de manera [&hellip;]<\/p>\n","protected":false},"author":8,"featured_media":0,"parent":0,"menu_order":0,"comment_status":"closed","ping_status":"closed","template":"","meta":{"_acf_changed":false,"footnotes":""},"class_list":["post-1286","page","type-page","status-publish","hentry"],"acf":[],"yoast_head":"<!-- This site is optimized with the Yoast SEO plugin v27.3 - https:\/\/yoast.com\/product\/yoast-seo-wordpress\/ -->\n<title>UltraMag\u00ae: dosis - UltraMag\u00ae<\/title>\n<meta name=\"robots\" content=\"index, follow, max-snippet:-1, max-image-preview:large, max-video-preview:-1\" \/>\n<link rel=\"canonical\" href=\"https:\/\/ultramag.it\/es\/ultramag-posologia\/\" \/>\n<meta property=\"og:locale\" content=\"es_ES\" \/>\n<meta property=\"og:type\" content=\"article\" \/>\n<meta property=\"og:title\" content=\"UltraMag\u00ae: dosis - UltraMag\u00ae\" \/>\n<meta property=\"og:description\" content=\"\u00bfPor qu\u00e9 tomar UltraMag\u00ae, complemento de Magnesio Sucrosomial\u00ae en sobres? No es raro que el requerimiento diario de magnesio aumente en determinados periodos del a\u00f1o (cambios estacionales, verano) o en algunas etapas de la vida como el embarazo y la lactancia, la menopausia y la edad avanzada. El estilo de vida tambi\u00e9n influye de manera [&hellip;]\" \/>\n<meta property=\"og:url\" content=\"https:\/\/ultramag.it\/es\/ultramag-posologia\/\" \/>\n<meta property=\"og:site_name\" content=\"UltraMag\u00ae\" \/>\n<meta property=\"article:modified_time\" content=\"2024-02-05T16:19:36+00:00\" \/>\n<meta property=\"og:image\" content=\"https:\/\/ultramag.it\/wp-content\/uploads\/2021\/02\/pack_mododuso-1024x709.png\" \/>\n<meta name=\"twitter:card\" content=\"summary_large_image\" \/>\n<meta name=\"twitter:label1\" content=\"Tiempo de lectura\" \/>\n\t<meta name=\"twitter:data1\" content=\"1 minuto\" \/>\n<script type=\"application\/ld+json\" class=\"yoast-schema-graph\">{\"@context\":\"https:\\\/\\\/schema.org\",\"@graph\":[{\"@type\":\"WebPage\",\"@id\":\"https:\\\/\\\/ultramag.it\\\/es\\\/ultramag-posologia\\\/\",\"url\":\"https:\\\/\\\/ultramag.it\\\/es\\\/ultramag-posologia\\\/\",\"name\":\"UltraMag\u00ae: dosis - UltraMag\u00ae\",\"isPartOf\":{\"@id\":\"https:\\\/\\\/ultramag.it\\\/es\\\/#website\"},\"primaryImageOfPage\":{\"@id\":\"https:\\\/\\\/ultramag.it\\\/es\\\/ultramag-posologia\\\/#primaryimage\"},\"image\":{\"@id\":\"https:\\\/\\\/ultramag.it\\\/es\\\/ultramag-posologia\\\/#primaryimage\"},\"thumbnailUrl\":\"https:\\\/\\\/ultramag.it\\\/wp-content\\\/uploads\\\/2021\\\/02\\\/pack_mododuso-1024x709.png\",\"datePublished\":\"2021-03-04T11:40:52+00:00\",\"dateModified\":\"2024-02-05T16:19:36+00:00\",\"breadcrumb\":{\"@id\":\"https:\\\/\\\/ultramag.it\\\/es\\\/ultramag-posologia\\\/#breadcrumb\"},\"inLanguage\":\"es\",\"potentialAction\":[{\"@type\":\"ReadAction\",\"target\":[\"https:\\\/\\\/ultramag.it\\\/es\\\/ultramag-posologia\\\/\"]}]},{\"@type\":\"ImageObject\",\"inLanguage\":\"es\",\"@id\":\"https:\\\/\\\/ultramag.it\\\/es\\\/ultramag-posologia\\\/#primaryimage\",\"url\":\"https:\\\/\\\/ultramag.it\\\/wp-content\\\/uploads\\\/2021\\\/02\\\/pack_mododuso-1024x709.png\",\"contentUrl\":\"https:\\\/\\\/ultramag.it\\\/wp-content\\\/uploads\\\/2021\\\/02\\\/pack_mododuso-1024x709.png\"},{\"@type\":\"BreadcrumbList\",\"@id\":\"https:\\\/\\\/ultramag.it\\\/es\\\/ultramag-posologia\\\/#breadcrumb\",\"itemListElement\":[{\"@type\":\"ListItem\",\"position\":1,\"name\":\"Home\",\"item\":\"https:\\\/\\\/ultramag.it\\\/es\\\/\"},{\"@type\":\"ListItem\",\"position\":2,\"name\":\"UltraMag\u00ae: dosis\"}]},{\"@type\":\"WebSite\",\"@id\":\"https:\\\/\\\/ultramag.it\\\/es\\\/#website\",\"url\":\"https:\\\/\\\/ultramag.it\\\/es\\\/\",\"name\":\"UltraMag\u00ae\",\"description\":\"es un complemento alimenticio a base de &lt;strong&gt;Magnesio Sucrosomial&lt;sup&gt;\u00ae&lt;\\\/strong&gt;&lt;\\\/sup&gt;, \u00fatil para cubrir las deficiencias nutricionales, o el aumento de las necesidades org\u00e1nicas de este nutriente.\",\"publisher\":{\"@id\":\"https:\\\/\\\/ultramag.it\\\/es\\\/#organization\"},\"potentialAction\":[{\"@type\":\"SearchAction\",\"target\":{\"@type\":\"EntryPoint\",\"urlTemplate\":\"https:\\\/\\\/ultramag.it\\\/es\\\/?s={search_term_string}\"},\"query-input\":{\"@type\":\"PropertyValueSpecification\",\"valueRequired\":true,\"valueName\":\"search_term_string\"}}],\"inLanguage\":\"es\"},{\"@type\":\"Organization\",\"@id\":\"https:\\\/\\\/ultramag.it\\\/es\\\/#organization\",\"name\":\"UltraMag\u00ae\",\"url\":\"https:\\\/\\\/ultramag.it\\\/es\\\/\",\"logo\":{\"@type\":\"ImageObject\",\"inLanguage\":\"es\",\"@id\":\"https:\\\/\\\/ultramag.it\\\/es\\\/#\\\/schema\\\/logo\\\/image\\\/\",\"url\":\"https:\\\/\\\/ultramag.it\\\/wp-content\\\/uploads\\\/2023\\\/03\\\/logo_ultramag_2020_SF_bianco.png\",\"contentUrl\":\"https:\\\/\\\/ultramag.it\\\/wp-content\\\/uploads\\\/2023\\\/03\\\/logo_ultramag_2020_SF_bianco.png\",\"width\":1000,\"height\":294,\"caption\":\"UltraMag\u00ae\"},\"image\":{\"@id\":\"https:\\\/\\\/ultramag.it\\\/es\\\/#\\\/schema\\\/logo\\\/image\\\/\"}}]}<\/script>\n<!-- \/ Yoast SEO plugin. -->","yoast_head_json":{"title":"UltraMag\u00ae: dosis - UltraMag\u00ae","robots":{"index":"index","follow":"follow","max-snippet":"max-snippet:-1","max-image-preview":"max-image-preview:large","max-video-preview":"max-video-preview:-1"},"canonical":"https:\/\/ultramag.it\/es\/ultramag-posologia\/","og_locale":"es_ES","og_type":"article","og_title":"UltraMag\u00ae: dosis - UltraMag\u00ae","og_description":"\u00bfPor qu\u00e9 tomar UltraMag\u00ae, complemento de Magnesio Sucrosomial\u00ae en sobres? No es raro que el requerimiento diario de magnesio aumente en determinados periodos del a\u00f1o (cambios estacionales, verano) o en algunas etapas de la vida como el embarazo y la lactancia, la menopausia y la edad avanzada. El estilo de vida tambi\u00e9n influye de manera [&hellip;]","og_url":"https:\/\/ultramag.it\/es\/ultramag-posologia\/","og_site_name":"UltraMag\u00ae","article_modified_time":"2024-02-05T16:19:36+00:00","og_image":[{"url":"https:\/\/ultramag.it\/wp-content\/uploads\/2021\/02\/pack_mododuso-1024x709.png","type":"","width":"","height":""}],"twitter_card":"summary_large_image","twitter_misc":{"Tiempo de lectura":"1 minuto"},"schema":{"@context":"https:\/\/schema.org","@graph":[{"@type":"WebPage","@id":"https:\/\/ultramag.it\/es\/ultramag-posologia\/","url":"https:\/\/ultramag.it\/es\/ultramag-posologia\/","name":"UltraMag\u00ae: dosis - UltraMag\u00ae","isPartOf":{"@id":"https:\/\/ultramag.it\/es\/#website"},"primaryImageOfPage":{"@id":"https:\/\/ultramag.it\/es\/ultramag-posologia\/#primaryimage"},"image":{"@id":"https:\/\/ultramag.it\/es\/ultramag-posologia\/#primaryimage"},"thumbnailUrl":"https:\/\/ultramag.it\/wp-content\/uploads\/2021\/02\/pack_mododuso-1024x709.png","datePublished":"2021-03-04T11:40:52+00:00","dateModified":"2024-02-05T16:19:36+00:00","breadcrumb":{"@id":"https:\/\/ultramag.it\/es\/ultramag-posologia\/#breadcrumb"},"inLanguage":"es","potentialAction":[{"@type":"ReadAction","target":["https:\/\/ultramag.it\/es\/ultramag-posologia\/"]}]},{"@type":"ImageObject","inLanguage":"es","@id":"https:\/\/ultramag.it\/es\/ultramag-posologia\/#primaryimage","url":"https:\/\/ultramag.it\/wp-content\/uploads\/2021\/02\/pack_mododuso-1024x709.png","contentUrl":"https:\/\/ultramag.it\/wp-content\/uploads\/2021\/02\/pack_mododuso-1024x709.png"},{"@type":"BreadcrumbList","@id":"https:\/\/ultramag.it\/es\/ultramag-posologia\/#breadcrumb","itemListElement":[{"@type":"ListItem","position":1,"name":"Home","item":"https:\/\/ultramag.it\/es\/"},{"@type":"ListItem","position":2,"name":"UltraMag\u00ae: dosis"}]},{"@type":"WebSite","@id":"https:\/\/ultramag.it\/es\/#website","url":"https:\/\/ultramag.it\/es\/","name":"UltraMag\u00ae","description":"es un complemento alimenticio a base de &lt;strong&gt;Magnesio Sucrosomial&lt;sup&gt;\u00ae&lt;\/strong&gt;&lt;\/sup&gt;, \u00fatil para cubrir las deficiencias nutricionales, o el aumento de las necesidades org\u00e1nicas de este nutriente.","publisher":{"@id":"https:\/\/ultramag.it\/es\/#organization"},"potentialAction":[{"@type":"SearchAction","target":{"@type":"EntryPoint","urlTemplate":"https:\/\/ultramag.it\/es\/?s={search_term_string}"},"query-input":{"@type":"PropertyValueSpecification","valueRequired":true,"valueName":"search_term_string"}}],"inLanguage":"es"},{"@type":"Organization","@id":"https:\/\/ultramag.it\/es\/#organization","name":"UltraMag\u00ae","url":"https:\/\/ultramag.it\/es\/","logo":{"@type":"ImageObject","inLanguage":"es","@id":"https:\/\/ultramag.it\/es\/#\/schema\/logo\/image\/","url":"https:\/\/ultramag.it\/wp-content\/uploads\/2023\/03\/logo_ultramag_2020_SF_bianco.png","contentUrl":"https:\/\/ultramag.it\/wp-content\/uploads\/2023\/03\/logo_ultramag_2020_SF_bianco.png","width":1000,"height":294,"caption":"UltraMag\u00ae"},"image":{"@id":"https:\/\/ultramag.it\/es\/#\/schema\/logo\/image\/"}}]}},"_links":{"self":[{"href":"https:\/\/ultramag.it\/es\/wp-json\/wp\/v2\/pages\/1286","targetHints":{"allow":["GET"]}}],"collection":[{"href":"https:\/\/ultramag.it\/es\/wp-json\/wp\/v2\/pages"}],"about":[{"href":"https:\/\/ultramag.it\/es\/wp-json\/wp\/v2\/types\/page"}],"author":[{"embeddable":true,"href":"https:\/\/ultramag.it\/es\/wp-json\/wp\/v2\/users\/8"}],"replies":[{"embeddable":true,"href":"https:\/\/ultramag.it\/es\/wp-json\/wp\/v2\/comments?post=1286"}],"version-history":[{"count":3,"href":"https:\/\/ultramag.it\/es\/wp-json\/wp\/v2\/pages\/1286\/revisions"}],"predecessor-version":[{"id":1315,"href":"https:\/\/ultramag.it\/es\/wp-json\/wp\/v2\/pages\/1286\/revisions\/1315"}],"wp:attachment":[{"href":"https:\/\/ultramag.it\/es\/wp-json\/wp\/v2\/media?parent=1286"}],"curies":[{"name":"wp","href":"https:\/\/api.w.org\/{rel}","templated":true}]}}