{"id":1268,"date":"2024-01-29T16:51:57","date_gmt":"2024-01-29T15:51:57","guid":{"rendered":"https:\/\/ultramag.it\/?page_id=1268"},"modified":"2024-02-07T17:19:44","modified_gmt":"2024-02-07T16:19:44","slug":"el-magnesio-durante-el-ciclo-mestruale","status":"publish","type":"page","link":"https:\/\/ultramag.it\/es\/el-magnesio-durante-el-ciclo-mestruale\/","title":{"rendered":"El magnesio durante el ciclo mestruale"},"content":{"rendered":"\n<h2 class=\"wp-block-heading\">El magnesio y el ciclo menstrual: \u00bfc\u00f3mo se relacionan?<\/h2>\n\n\n\n<p>El magnesio es un poderoso aliado para nuestra salud en todas las etapas de la vida, especialmente durante los periodos de mucho estr\u00e9s y cansancio. Para las mujeres, esto se traduce en dos semanas fat\u00eddicas al mes: la anterior al ciclo y aquella efectiva en que aparece la regla.<\/p>\n\n\n\n<div class=\"wp-block-media-text alignwide is-stacked-on-mobile\"><figure class=\"wp-block-media-text__media\"><img loading=\"lazy\" decoding=\"async\" width=\"565\" height=\"847\" src=\"https:\/\/ultramag.it\/wp-content\/uploads\/2022\/03\/69876601_s.jpg\" alt=\"\" class=\"wp-image-665 size-full\"\/><\/figure><div class=\"wp-block-media-text__content\">\n<p class=\"testo_img\">El organismo femenino, desde la preadolescencia (11-13 a\u00f1os) hasta la menopausia, se rige por un delicado equilibrio hormonal que implica e influye en diversos aspectos del bienestar f\u00edsico y psicol\u00f3gico.<\/p>\n\n\n\n<p class=\"testo_img\">Se calcula que 1 de cada 3 mujeres sufre dismenorrea, es decir, calambres abdominales (el llamado \u00abdolor abdominal por la regla\u00bb), que pueden extenderse a la parte baja de la espalda, a veces acompa\u00f1ados de n\u00e1useas, diarrea, dolor de cabeza y mareos. La causa principal de los dolores de regla es un aumento de las prostaglandinas, que estimulan las contracciones uterinas provocando dolores m\u00e1s o menos agudos, sobre todo en los 2 primeros d\u00edas del sangrado menstrual.<\/p>\n\n\n\n<p class=\"testo_img\"><strong>\u00bfC\u00f3mo act\u00faa el magnesio en los s\u00edntomas de la menstruaci\u00f3n?<\/strong> En primer lugar, el magnesio cumple una funci\u00f3n muscular esencial, ya que interviene directamente en el proceso de contracci\u00f3n y relajaci\u00f3n de los m\u00fasculos. Durante el ciclo, el magnesio almacenado en nuestro organismo nos ayuda a combatir los calambres y dolores abdominales, por una parte, relajando los m\u00fasculos lisos del \u00fatero y, por otra, reduciendo los niveles de prostaglandinas que provocan el dolor de regla.<\/p>\n\n\n\n<p class=\"testo_img\">El magnesio contribuye al funcionamiento normal del sistema nervioso y favorece la funci\u00f3n psicol\u00f3gica, ayudando a reducir la sensaci\u00f3n de cansancio durante el ciclo menstrual. Adem\u00e1s, al restablecer el equilibrio de los neurotransmisores, el magnesio tambi\u00e9n tiene un efecto positivo sobre los cambios de humor, el estr\u00e9s y los dolores de cabeza provocados por el ciclo menstrual.<\/p>\n<\/div><\/div>\n\n\n\n<p><\/p>\n\n\n\n<h2 class=\"wp-block-heading\">Cu\u00e1ndo se debe tomar magnesio durante la menstruaci\u00f3n<\/h2>\n\n\n\n<p>Cabe remarcar que el magnesio no act\u00faa como analg\u00e9sico ni como antiinflamatorio. Por eso no podemos tomarlo como un medicamento y esperarnos los beneficios en poco tiempo.<\/p>\n\n\n\n<p>Para que el magnesio sea eficaz contra los dolores y s\u00edntomas menstruales, es necesario empezar a tomarlo a diario al menos una <strong>semana antes del ciclo <\/strong>y hasta el final del sangrado.<\/p>\n\n\n\n<p>Para que el magnesio sea eficaz contra los dolores y s\u00edntomas menstruales, es necesario empezar a tomarlo a diario al menos una semana antes del ciclo y hasta el final del sangrado.<\/p>\n\n\n\n<h2 class=\"wp-block-heading\">\u00bfCu\u00e1nto magnesio tomar antes y durante el ciclo?<\/h2>\n\n\n\n<p>Las dosis recomendadas de magnesio no var\u00edan durante el ciclo, sino en funci\u00f3n de la edad. Para las mujeres adultas, la ingesta recomendada de magnesio es de <strong>320 mg al d\u00eda<\/strong>.<\/p>\n\n\n\n<p>La cantidad recomendada de magnesio sirve para mantener estables los niveles de magnesio en el cuerpo, que normalmente deben alcanzarse a trav\u00e9s de una dieta sana y equilibrada, rica en cereales, fibras y legumbres (descubre cu\u00e1les son los alimentos con m\u00e1s magnesio para incorporar a tu dieta). Sin embargo, esto no siempre es suficiente: Un estilo de vida ajetreado, el estr\u00e9s, una alimentaci\u00f3n no siempre equilibrada o incluso una actividad deportiva muy intensa hacen que nuestro organismo consuma m\u00e1s magnesio del que la alimentaci\u00f3n por s\u00ed sola puede aportar.<\/p>\n\n\n\n<p>Por eso puede ser \u00fatil tomar complementos de magnesio para satisfacer el requerimiento diario. Con UltraMag\u00ae basta un sobre al d\u00eda para obtener el 100% del VRN (Valor de Referencia de Nutrientes) de magnesio. Gracias a la membrana sucrosomial\u00ae que envuelve y protege el mineral, UltraMag\u00ae mejora la absorci\u00f3n del magnesio, que es inmediatamente biodisponible para el organismo.<\/p>\n\n\n\n<hr class=\"wp-block-separator has-css-opacity\"\/>\n\n\n\n<h4 class=\"wp-block-heading\">Leer tambi\u00e9n:<\/h4>\n\n\n\n<div class=\"wp-block-buttons is-layout-flex wp-block-buttons-is-layout-flex\">\n<div class=\"wp-block-button is-style-fill\"><a class=\"wp-block-button__link has-background wp-element-button\" href=\"https:\/\/ultramag.it\/es\/el-magnesio-para-la-fatiga-muscular\/\" style=\"border-radius:36px;background-color:#6e2580\">MAGNESIO CONTRA MOLESTIAS MUSCULARES<\/a><\/div>\n\n\n\n<div class=\"wp-block-button is-style-fill\"><a class=\"wp-block-button__link has-white-color has-text-color has-background wp-element-button\" href=\"https:\/\/ultramag.it\/es\/el-magnesio-para-dormir-mejor\/\" style=\"border-radius:30px;background-color:#6e2580\">MAGNESIO CONTRA TRASTORNOS DEL SUE\u00d1O<\/a><\/div>\n\n\n\n<div class=\"wp-block-button is-style-fill\"><a class=\"wp-block-button__link has-white-color has-text-color has-background wp-element-button\" href=\"https:\/\/ultramag.it\/es\/el-magnesio-durante-el-ciclo-mestruale\/\" style=\"border-radius:30px;background-color:#6e2580\">EL MAGNESIO DURANTE EL CICLO MENSTRUAL<\/a><\/div>\n\n\n\n<div class=\"wp-block-button is-style-fill\"><a class=\"wp-block-button__link has-white-color has-text-color has-background wp-element-button\" href=\"https:\/\/ultramag.it\/es\/magnesio-en-el-embarazo\/\" style=\"border-radius:30px;background-color:#6e2580\">EL MAGNESIO DURANTE EL EMBARAZO<\/a><\/div>\n\n\n\n<div class=\"wp-block-button is-style-fill\"><a class=\"wp-block-button__link has-white-color has-text-color has-background wp-element-button\" href=\"https:\/\/ultramag.it\/es\/los-beneficios-del-magnesio-en-la-menopausia\/\" style=\"border-radius:30px;background-color:#6e2580\">EL MAGNESIO DURANTE LA MENOPAUSIA<\/a><\/div>\n\n\n\n<div class=\"wp-block-button is-style-fill\"><a class=\"wp-block-button__link has-white-color has-text-color has-background wp-element-button\" href=\"https:\/\/ultramag.it\/es\/el-magnesio-para-la-salud-de-los-huesos\/\" style=\"border-radius:30px;background-color:#6e2580\">EL MAGNESIO PARA LA SALUD DE LOS HUESOS<\/a><\/div>\n\n\n\n<div class=\"wp-block-button is-style-fill\"><a class=\"wp-block-button__link has-white-color has-text-color has-background wp-element-button\" href=\"https:\/\/ultramag.it\/es\/el-magnesio-para-ninos-y-adolescentes\/\" style=\"border-radius:30px;background-color:#6e2580\">EL MAGNESIO PARA NI\u00d1OS Y ADOLESCENTES<\/a><\/div>\n\n\n\n<div class=\"wp-block-button is-style-fill\"><a class=\"wp-block-button__link has-white-color has-text-color has-background wp-element-button\" href=\"https:\/\/ultramag.it\/es\/el-magnesio-para-detener-el-cansancio-fisico-y-psicologico\/\" style=\"border-radius:30px;background-color:#6e2580\">FUNCI\u00d3N PSICOL\u00d3GICA<\/a><\/div>\n<\/div>\n","protected":false},"excerpt":{"rendered":"<p>El magnesio y el ciclo menstrual: \u00bfc\u00f3mo se relacionan? El magnesio es un poderoso aliado para nuestra salud en todas las etapas de la vida, especialmente durante los periodos de mucho estr\u00e9s y cansancio. Para las mujeres, esto se traduce en dos semanas fat\u00eddicas al mes: la anterior al ciclo y aquella efectiva en que [&hellip;]<\/p>\n","protected":false},"author":8,"featured_media":0,"parent":0,"menu_order":0,"comment_status":"closed","ping_status":"closed","template":"","meta":{"_acf_changed":false,"footnotes":""},"class_list":["post-1268","page","type-page","status-publish","hentry"],"acf":[],"yoast_head":"<!-- This site is optimized with the Yoast SEO plugin v27.5 - https:\/\/yoast.com\/product\/yoast-seo-wordpress\/ -->\n<title>El magnesio durante el ciclo mestruale - UltraMag\u00ae<\/title>\n<meta name=\"robots\" content=\"index, follow, max-snippet:-1, max-image-preview:large, max-video-preview:-1\" \/>\n<link rel=\"canonical\" href=\"https:\/\/ultramag.it\/es\/el-magnesio-durante-el-ciclo-mestruale\/\" \/>\n<meta property=\"og:locale\" content=\"es_ES\" \/>\n<meta property=\"og:type\" content=\"article\" \/>\n<meta property=\"og:title\" content=\"El magnesio durante el ciclo mestruale - UltraMag\u00ae\" \/>\n<meta property=\"og:description\" content=\"El magnesio y el ciclo menstrual: \u00bfc\u00f3mo se relacionan? El magnesio es un poderoso aliado para nuestra salud en todas las etapas de la vida, especialmente durante los periodos de mucho estr\u00e9s y cansancio. Para las mujeres, esto se traduce en dos semanas fat\u00eddicas al mes: la anterior al ciclo y aquella efectiva en que [&hellip;]\" \/>\n<meta property=\"og:url\" content=\"https:\/\/ultramag.it\/es\/el-magnesio-durante-el-ciclo-mestruale\/\" \/>\n<meta property=\"og:site_name\" content=\"UltraMag\u00ae\" \/>\n<meta property=\"article:modified_time\" content=\"2024-02-07T16:19:44+00:00\" \/>\n<meta property=\"og:image\" content=\"https:\/\/ultramag.it\/wp-content\/uploads\/2022\/03\/69876601_s.jpg\" \/>\n<meta name=\"twitter:card\" content=\"summary_large_image\" \/>\n<meta name=\"twitter:label1\" content=\"Tiempo de lectura\" \/>\n\t<meta name=\"twitter:data1\" content=\"3 minutos\" \/>\n<script type=\"application\/ld+json\" class=\"yoast-schema-graph\">{\"@context\":\"https:\\\/\\\/schema.org\",\"@graph\":[{\"@type\":\"WebPage\",\"@id\":\"https:\\\/\\\/ultramag.it\\\/es\\\/el-magnesio-durante-el-ciclo-mestruale\\\/\",\"url\":\"https:\\\/\\\/ultramag.it\\\/es\\\/el-magnesio-durante-el-ciclo-mestruale\\\/\",\"name\":\"El magnesio durante el ciclo mestruale - UltraMag\u00ae\",\"isPartOf\":{\"@id\":\"https:\\\/\\\/ultramag.it\\\/es\\\/#website\"},\"primaryImageOfPage\":{\"@id\":\"https:\\\/\\\/ultramag.it\\\/es\\\/el-magnesio-durante-el-ciclo-mestruale\\\/#primaryimage\"},\"image\":{\"@id\":\"https:\\\/\\\/ultramag.it\\\/es\\\/el-magnesio-durante-el-ciclo-mestruale\\\/#primaryimage\"},\"thumbnailUrl\":\"https:\\\/\\\/ultramag.it\\\/wp-content\\\/uploads\\\/2022\\\/03\\\/69876601_s.jpg\",\"datePublished\":\"2024-01-29T15:51:57+00:00\",\"dateModified\":\"2024-02-07T16:19:44+00:00\",\"breadcrumb\":{\"@id\":\"https:\\\/\\\/ultramag.it\\\/es\\\/el-magnesio-durante-el-ciclo-mestruale\\\/#breadcrumb\"},\"inLanguage\":\"es\",\"potentialAction\":[{\"@type\":\"ReadAction\",\"target\":[\"https:\\\/\\\/ultramag.it\\\/es\\\/el-magnesio-durante-el-ciclo-mestruale\\\/\"]}]},{\"@type\":\"ImageObject\",\"inLanguage\":\"es\",\"@id\":\"https:\\\/\\\/ultramag.it\\\/es\\\/el-magnesio-durante-el-ciclo-mestruale\\\/#primaryimage\",\"url\":\"https:\\\/\\\/ultramag.it\\\/wp-content\\\/uploads\\\/2022\\\/03\\\/69876601_s.jpg\",\"contentUrl\":\"https:\\\/\\\/ultramag.it\\\/wp-content\\\/uploads\\\/2022\\\/03\\\/69876601_s.jpg\"},{\"@type\":\"BreadcrumbList\",\"@id\":\"https:\\\/\\\/ultramag.it\\\/es\\\/el-magnesio-durante-el-ciclo-mestruale\\\/#breadcrumb\",\"itemListElement\":[{\"@type\":\"ListItem\",\"position\":1,\"name\":\"Home\",\"item\":\"https:\\\/\\\/ultramag.it\\\/es\\\/\"},{\"@type\":\"ListItem\",\"position\":2,\"name\":\"El magnesio durante el ciclo mestruale\"}]},{\"@type\":\"WebSite\",\"@id\":\"https:\\\/\\\/ultramag.it\\\/es\\\/#website\",\"url\":\"https:\\\/\\\/ultramag.it\\\/es\\\/\",\"name\":\"UltraMag\u00ae\",\"description\":\"es un complemento alimenticio a base de &lt;strong&gt;Magnesio Sucrosomial&lt;sup&gt;\u00ae&lt;\\\/strong&gt;&lt;\\\/sup&gt;, \u00fatil para cubrir las deficiencias nutricionales, o el aumento de las necesidades org\u00e1nicas de este nutriente.\",\"publisher\":{\"@id\":\"https:\\\/\\\/ultramag.it\\\/es\\\/#organization\"},\"potentialAction\":[{\"@type\":\"SearchAction\",\"target\":{\"@type\":\"EntryPoint\",\"urlTemplate\":\"https:\\\/\\\/ultramag.it\\\/es\\\/?s={search_term_string}\"},\"query-input\":{\"@type\":\"PropertyValueSpecification\",\"valueRequired\":true,\"valueName\":\"search_term_string\"}}],\"inLanguage\":\"es\"},{\"@type\":\"Organization\",\"@id\":\"https:\\\/\\\/ultramag.it\\\/es\\\/#organization\",\"name\":\"UltraMag\u00ae\",\"url\":\"https:\\\/\\\/ultramag.it\\\/es\\\/\",\"logo\":{\"@type\":\"ImageObject\",\"inLanguage\":\"es\",\"@id\":\"https:\\\/\\\/ultramag.it\\\/es\\\/#\\\/schema\\\/logo\\\/image\\\/\",\"url\":\"https:\\\/\\\/ultramag.it\\\/wp-content\\\/uploads\\\/2023\\\/03\\\/logo_ultramag_2020_SF_bianco.png\",\"contentUrl\":\"https:\\\/\\\/ultramag.it\\\/wp-content\\\/uploads\\\/2023\\\/03\\\/logo_ultramag_2020_SF_bianco.png\",\"width\":1000,\"height\":294,\"caption\":\"UltraMag\u00ae\"},\"image\":{\"@id\":\"https:\\\/\\\/ultramag.it\\\/es\\\/#\\\/schema\\\/logo\\\/image\\\/\"}}]}<\/script>\n<!-- \/ Yoast SEO plugin. -->","yoast_head_json":{"title":"El magnesio durante el ciclo mestruale - UltraMag\u00ae","robots":{"index":"index","follow":"follow","max-snippet":"max-snippet:-1","max-image-preview":"max-image-preview:large","max-video-preview":"max-video-preview:-1"},"canonical":"https:\/\/ultramag.it\/es\/el-magnesio-durante-el-ciclo-mestruale\/","og_locale":"es_ES","og_type":"article","og_title":"El magnesio durante el ciclo mestruale - UltraMag\u00ae","og_description":"El magnesio y el ciclo menstrual: \u00bfc\u00f3mo se relacionan? El magnesio es un poderoso aliado para nuestra salud en todas las etapas de la vida, especialmente durante los periodos de mucho estr\u00e9s y cansancio. Para las mujeres, esto se traduce en dos semanas fat\u00eddicas al mes: la anterior al ciclo y aquella efectiva en que [&hellip;]","og_url":"https:\/\/ultramag.it\/es\/el-magnesio-durante-el-ciclo-mestruale\/","og_site_name":"UltraMag\u00ae","article_modified_time":"2024-02-07T16:19:44+00:00","og_image":[{"url":"https:\/\/ultramag.it\/wp-content\/uploads\/2022\/03\/69876601_s.jpg","type":"","width":"","height":""}],"twitter_card":"summary_large_image","twitter_misc":{"Tiempo de lectura":"3 minutos"},"schema":{"@context":"https:\/\/schema.org","@graph":[{"@type":"WebPage","@id":"https:\/\/ultramag.it\/es\/el-magnesio-durante-el-ciclo-mestruale\/","url":"https:\/\/ultramag.it\/es\/el-magnesio-durante-el-ciclo-mestruale\/","name":"El magnesio durante el ciclo mestruale - UltraMag\u00ae","isPartOf":{"@id":"https:\/\/ultramag.it\/es\/#website"},"primaryImageOfPage":{"@id":"https:\/\/ultramag.it\/es\/el-magnesio-durante-el-ciclo-mestruale\/#primaryimage"},"image":{"@id":"https:\/\/ultramag.it\/es\/el-magnesio-durante-el-ciclo-mestruale\/#primaryimage"},"thumbnailUrl":"https:\/\/ultramag.it\/wp-content\/uploads\/2022\/03\/69876601_s.jpg","datePublished":"2024-01-29T15:51:57+00:00","dateModified":"2024-02-07T16:19:44+00:00","breadcrumb":{"@id":"https:\/\/ultramag.it\/es\/el-magnesio-durante-el-ciclo-mestruale\/#breadcrumb"},"inLanguage":"es","potentialAction":[{"@type":"ReadAction","target":["https:\/\/ultramag.it\/es\/el-magnesio-durante-el-ciclo-mestruale\/"]}]},{"@type":"ImageObject","inLanguage":"es","@id":"https:\/\/ultramag.it\/es\/el-magnesio-durante-el-ciclo-mestruale\/#primaryimage","url":"https:\/\/ultramag.it\/wp-content\/uploads\/2022\/03\/69876601_s.jpg","contentUrl":"https:\/\/ultramag.it\/wp-content\/uploads\/2022\/03\/69876601_s.jpg"},{"@type":"BreadcrumbList","@id":"https:\/\/ultramag.it\/es\/el-magnesio-durante-el-ciclo-mestruale\/#breadcrumb","itemListElement":[{"@type":"ListItem","position":1,"name":"Home","item":"https:\/\/ultramag.it\/es\/"},{"@type":"ListItem","position":2,"name":"El magnesio durante el ciclo mestruale"}]},{"@type":"WebSite","@id":"https:\/\/ultramag.it\/es\/#website","url":"https:\/\/ultramag.it\/es\/","name":"UltraMag\u00ae","description":"es un complemento alimenticio a base de &lt;strong&gt;Magnesio Sucrosomial&lt;sup&gt;\u00ae&lt;\/strong&gt;&lt;\/sup&gt;, \u00fatil para cubrir las deficiencias nutricionales, o el aumento de las necesidades org\u00e1nicas de este nutriente.","publisher":{"@id":"https:\/\/ultramag.it\/es\/#organization"},"potentialAction":[{"@type":"SearchAction","target":{"@type":"EntryPoint","urlTemplate":"https:\/\/ultramag.it\/es\/?s={search_term_string}"},"query-input":{"@type":"PropertyValueSpecification","valueRequired":true,"valueName":"search_term_string"}}],"inLanguage":"es"},{"@type":"Organization","@id":"https:\/\/ultramag.it\/es\/#organization","name":"UltraMag\u00ae","url":"https:\/\/ultramag.it\/es\/","logo":{"@type":"ImageObject","inLanguage":"es","@id":"https:\/\/ultramag.it\/es\/#\/schema\/logo\/image\/","url":"https:\/\/ultramag.it\/wp-content\/uploads\/2023\/03\/logo_ultramag_2020_SF_bianco.png","contentUrl":"https:\/\/ultramag.it\/wp-content\/uploads\/2023\/03\/logo_ultramag_2020_SF_bianco.png","width":1000,"height":294,"caption":"UltraMag\u00ae"},"image":{"@id":"https:\/\/ultramag.it\/es\/#\/schema\/logo\/image\/"}}]}},"_links":{"self":[{"href":"https:\/\/ultramag.it\/es\/wp-json\/wp\/v2\/pages\/1268","targetHints":{"allow":["GET"]}}],"collection":[{"href":"https:\/\/ultramag.it\/es\/wp-json\/wp\/v2\/pages"}],"about":[{"href":"https:\/\/ultramag.it\/es\/wp-json\/wp\/v2\/types\/page"}],"author":[{"embeddable":true,"href":"https:\/\/ultramag.it\/es\/wp-json\/wp\/v2\/users\/8"}],"replies":[{"embeddable":true,"href":"https:\/\/ultramag.it\/es\/wp-json\/wp\/v2\/comments?post=1268"}],"version-history":[{"count":3,"href":"https:\/\/ultramag.it\/es\/wp-json\/wp\/v2\/pages\/1268\/revisions"}],"predecessor-version":[{"id":1335,"href":"https:\/\/ultramag.it\/es\/wp-json\/wp\/v2\/pages\/1268\/revisions\/1335"}],"wp:attachment":[{"href":"https:\/\/ultramag.it\/es\/wp-json\/wp\/v2\/media?parent=1268"}],"curies":[{"name":"wp","href":"https:\/\/api.w.org\/{rel}","templated":true}]}}