{"id":1265,"date":"2022-03-30T11:55:04","date_gmt":"2022-03-30T09:55:04","guid":{"rendered":"https:\/\/ultramag.it\/?page_id=1265"},"modified":"2024-02-07T17:20:19","modified_gmt":"2024-02-07T16:20:19","slug":"el-magnesio-para-la-salud-de-los-huesos","status":"publish","type":"page","link":"https:\/\/ultramag.it\/es\/el-magnesio-para-la-salud-de-los-huesos\/","title":{"rendered":"EL MAGNESIO PARA LA SALUD DE LOS HUESOS"},"content":{"rendered":"\n<p>Cuando se piensa en la salud de los huesos y de las articulaciones, el primer elemento que viene a la mente es el calcio, seguido de la vitamina D. Por supuesto, estos dos nutrientes son esenciales, pero el magnesio tambi\u00e9n interviene directamente en el <strong>mantenimiento del metabolismo \u00f3seo<\/strong>. El magnesio es un mineral fundamental para el proceso de s\u00edntesis de la Vitamina D y, por consiguiente, para la absorci\u00f3n del calcio en el intestino.<\/p>\n\n\n\n<figure class=\"wp-block-image size-large\"><img loading=\"lazy\" decoding=\"async\" width=\"1200\" height=\"627\" src=\"https:\/\/ultramag.it\/wp-content\/uploads\/2022\/03\/131853913_fb-link.jpg\" alt=\"\" class=\"wp-image-650\"\/><\/figure>\n\n\n\n<p>En particular, durante la menopausia y con el avanzar de la edad, numerosos estudios cient\u00edficos han demostrado una correlaci\u00f3n positiva entre la ingesta de magnesio y el aumento de la densidad \u00f3sea. Un aporte correcto de magnesio, a trav\u00e9s de una alimentaci\u00f3n variada y equilibrada y, cuando no es suficiente, el uso de complementos alimenticios espec\u00edficos, ayuda a <strong>prevenir la osteoporosis<\/strong>.<\/p>\n\n\n\n<p>Est\u00e1 demostrado que una <a href=\"https:\/\/ultramag.it\/es\/hipomagnesemia-como-se-manifiesta-la-deficiencia-de-magnesio\/\">deficiencia de magnesio<\/a> provoca una reducci\u00f3n de la actividad celular de s\u00edntesis de la matriz \u00f3sea y, al mismo tiempo, un aumento de la reabsorci\u00f3n del tejido \u00f3seo. A largo plazo, estos dos factores conducen a un aumento progresivo de la fragilidad \u00f3sea y articular.<\/p>\n\n\n\n<p>Por ello, se recomienda seguir siempre una dieta adecuada, rica en alimentos con alto contenido en magnesio, y no olvidar la importancia de la hidrataci\u00f3n: beber al menos 2 litros de agua al d\u00eda es esencial para mantener estables los niveles de sales minerales en el organismo.<\/p>\n\n\n\n<p>Cuando la alimentaci\u00f3n no es suficiente o en etapas de la vida en las que nuestras necesidades aumentan, UltraMag\u00ae puede ayudarte a suplementar la dosis diaria de magnesio. Un solo sobre al d\u00eda contiene el 100% del Valor de Referencia de Nutrientes (VRN) de magnesio y, gracias a su composici\u00f3n Sucrosomial\u00ae, es altamente biodisponible para el organismo, lo que lo convierte en un valioso recurso para prevenir la deficiencia de magnesio y mejorar la salud \u00f3sea.<\/p>\n\n\n\n<h4 class=\"wp-block-heading\">Leer tambi\u00e9n:<\/h4>\n\n\n\n<div class=\"wp-block-buttons is-layout-flex wp-block-buttons-is-layout-flex\">\n<div class=\"wp-block-button is-style-fill\"><a class=\"wp-block-button__link has-background wp-element-button\" href=\"https:\/\/ultramag.it\/es\/el-magnesio-para-la-fatiga-muscular\/\" style=\"border-radius:36px;background-color:#6e2580\">MAGNESIO CONTRA MOLESTIAS MUSCULARES<\/a><\/div>\n\n\n\n<div class=\"wp-block-button is-style-fill\"><a class=\"wp-block-button__link has-white-color has-text-color has-background wp-element-button\" href=\"https:\/\/ultramag.it\/es\/el-magnesio-para-dormir-mejor\/\" style=\"border-radius:30px;background-color:#6e2580\">MAGNESIO CONTRA TRASTORNOS DEL SUE\u00d1O<\/a><\/div>\n\n\n\n<div class=\"wp-block-button is-style-fill\"><a class=\"wp-block-button__link has-white-color has-text-color has-background wp-element-button\" href=\"https:\/\/ultramag.it\/es\/el-magnesio-durante-el-ciclo-mestruale\/\" style=\"border-radius:30px;background-color:#6e2580\">EL MAGNESIO DURANTE EL CICLO MENSTRUAL<\/a><\/div>\n\n\n\n<div class=\"wp-block-button is-style-fill\"><a class=\"wp-block-button__link has-white-color has-text-color has-background wp-element-button\" href=\"https:\/\/ultramag.it\/es\/magnesio-en-el-embarazo\/\" style=\"border-radius:30px;background-color:#6e2580\">EL MAGNESIO DURANTE EL EMBARAZO<\/a><\/div>\n\n\n\n<div class=\"wp-block-button is-style-fill\"><a class=\"wp-block-button__link has-white-color has-text-color has-background wp-element-button\" href=\"https:\/\/ultramag.it\/es\/los-beneficios-del-magnesio-en-la-menopausia\/\" style=\"border-radius:30px;background-color:#6e2580\">EL MAGNESIO DURANTE LA MENOPAUSIA<\/a><\/div>\n\n\n\n<div class=\"wp-block-button is-style-fill\"><a class=\"wp-block-button__link has-white-color has-text-color has-background wp-element-button\" href=\"https:\/\/ultramag.it\/es\/el-magnesio-para-la-salud-de-los-huesos\/\" style=\"border-radius:30px;background-color:#6e2580\">EL MAGNESIO PARA LA SALUD DE LOS HUESOS<\/a><\/div>\n\n\n\n<div class=\"wp-block-button is-style-fill\"><a class=\"wp-block-button__link has-white-color has-text-color has-background wp-element-button\" href=\"https:\/\/ultramag.it\/es\/el-magnesio-para-ninos-y-adolescentes\/\" style=\"border-radius:30px;background-color:#6e2580\">EL MAGNESIO PARA NI\u00d1OS Y ADOLESCENTES<\/a><\/div>\n\n\n\n<div class=\"wp-block-button is-style-fill\"><a class=\"wp-block-button__link has-white-color has-text-color has-background wp-element-button\" href=\"https:\/\/ultramag.it\/es\/el-magnesio-para-detener-el-cansancio-fisico-y-psicologico\/\" style=\"border-radius:30px;background-color:#6e2580\">FUNCI\u00d3N PSICOL\u00d3GICA<\/a><\/div>\n<\/div>\n","protected":false},"excerpt":{"rendered":"<p>Cuando se piensa en la salud de los huesos y de las articulaciones, el primer elemento que viene a la mente es el calcio, seguido de la vitamina D. Por supuesto, estos dos nutrientes son esenciales, pero el magnesio tambi\u00e9n interviene directamente en el mantenimiento del metabolismo \u00f3seo. El magnesio es un mineral fundamental para [&hellip;]<\/p>\n","protected":false},"author":8,"featured_media":0,"parent":0,"menu_order":0,"comment_status":"closed","ping_status":"closed","template":"","meta":{"_acf_changed":false,"footnotes":""},"class_list":["post-1265","page","type-page","status-publish","hentry"],"acf":[],"yoast_head":"<!-- This site is optimized with the Yoast SEO plugin v27.3 - https:\/\/yoast.com\/product\/yoast-seo-wordpress\/ -->\n<title>EL MAGNESIO PARA LA SALUD DE LOS HUESOS - UltraMag\u00ae<\/title>\n<meta name=\"robots\" content=\"index, follow, max-snippet:-1, max-image-preview:large, max-video-preview:-1\" \/>\n<link rel=\"canonical\" href=\"https:\/\/ultramag.it\/es\/el-magnesio-para-la-salud-de-los-huesos\/\" \/>\n<meta property=\"og:locale\" content=\"es_ES\" \/>\n<meta property=\"og:type\" content=\"article\" \/>\n<meta property=\"og:title\" content=\"EL MAGNESIO PARA LA SALUD DE LOS HUESOS - UltraMag\u00ae\" \/>\n<meta property=\"og:description\" content=\"Cuando se piensa en la salud de los huesos y de las articulaciones, el primer elemento que viene a la mente es el calcio, seguido de la vitamina D. Por supuesto, estos dos nutrientes son esenciales, pero el magnesio tambi\u00e9n interviene directamente en el mantenimiento del metabolismo \u00f3seo. El magnesio es un mineral fundamental para [&hellip;]\" \/>\n<meta property=\"og:url\" content=\"https:\/\/ultramag.it\/es\/el-magnesio-para-la-salud-de-los-huesos\/\" \/>\n<meta property=\"og:site_name\" content=\"UltraMag\u00ae\" \/>\n<meta property=\"article:modified_time\" content=\"2024-02-07T16:20:19+00:00\" \/>\n<meta property=\"og:image\" content=\"https:\/\/ultramag.it\/wp-content\/uploads\/2022\/03\/131853913_fb-link.jpg\" \/>\n<meta name=\"twitter:card\" content=\"summary_large_image\" \/>\n<meta name=\"twitter:label1\" content=\"Tiempo de lectura\" \/>\n\t<meta name=\"twitter:data1\" content=\"2 minutos\" \/>\n<script type=\"application\/ld+json\" class=\"yoast-schema-graph\">{\"@context\":\"https:\\\/\\\/schema.org\",\"@graph\":[{\"@type\":\"WebPage\",\"@id\":\"https:\\\/\\\/ultramag.it\\\/es\\\/el-magnesio-para-la-salud-de-los-huesos\\\/\",\"url\":\"https:\\\/\\\/ultramag.it\\\/es\\\/el-magnesio-para-la-salud-de-los-huesos\\\/\",\"name\":\"EL MAGNESIO PARA LA SALUD DE LOS HUESOS - UltraMag\u00ae\",\"isPartOf\":{\"@id\":\"https:\\\/\\\/ultramag.it\\\/es\\\/#website\"},\"primaryImageOfPage\":{\"@id\":\"https:\\\/\\\/ultramag.it\\\/es\\\/el-magnesio-para-la-salud-de-los-huesos\\\/#primaryimage\"},\"image\":{\"@id\":\"https:\\\/\\\/ultramag.it\\\/es\\\/el-magnesio-para-la-salud-de-los-huesos\\\/#primaryimage\"},\"thumbnailUrl\":\"https:\\\/\\\/ultramag.it\\\/wp-content\\\/uploads\\\/2022\\\/03\\\/131853913_fb-link.jpg\",\"datePublished\":\"2022-03-30T09:55:04+00:00\",\"dateModified\":\"2024-02-07T16:20:19+00:00\",\"breadcrumb\":{\"@id\":\"https:\\\/\\\/ultramag.it\\\/es\\\/el-magnesio-para-la-salud-de-los-huesos\\\/#breadcrumb\"},\"inLanguage\":\"es\",\"potentialAction\":[{\"@type\":\"ReadAction\",\"target\":[\"https:\\\/\\\/ultramag.it\\\/es\\\/el-magnesio-para-la-salud-de-los-huesos\\\/\"]}]},{\"@type\":\"ImageObject\",\"inLanguage\":\"es\",\"@id\":\"https:\\\/\\\/ultramag.it\\\/es\\\/el-magnesio-para-la-salud-de-los-huesos\\\/#primaryimage\",\"url\":\"https:\\\/\\\/ultramag.it\\\/wp-content\\\/uploads\\\/2022\\\/03\\\/131853913_fb-link.jpg\",\"contentUrl\":\"https:\\\/\\\/ultramag.it\\\/wp-content\\\/uploads\\\/2022\\\/03\\\/131853913_fb-link.jpg\"},{\"@type\":\"BreadcrumbList\",\"@id\":\"https:\\\/\\\/ultramag.it\\\/es\\\/el-magnesio-para-la-salud-de-los-huesos\\\/#breadcrumb\",\"itemListElement\":[{\"@type\":\"ListItem\",\"position\":1,\"name\":\"Home\",\"item\":\"https:\\\/\\\/ultramag.it\\\/es\\\/\"},{\"@type\":\"ListItem\",\"position\":2,\"name\":\"EL MAGNESIO PARA LA SALUD DE LOS HUESOS\"}]},{\"@type\":\"WebSite\",\"@id\":\"https:\\\/\\\/ultramag.it\\\/es\\\/#website\",\"url\":\"https:\\\/\\\/ultramag.it\\\/es\\\/\",\"name\":\"UltraMag\u00ae\",\"description\":\"es un complemento alimenticio a base de &lt;strong&gt;Magnesio Sucrosomial&lt;sup&gt;\u00ae&lt;\\\/strong&gt;&lt;\\\/sup&gt;, \u00fatil para cubrir las deficiencias nutricionales, o el aumento de las necesidades org\u00e1nicas de este nutriente.\",\"publisher\":{\"@id\":\"https:\\\/\\\/ultramag.it\\\/es\\\/#organization\"},\"potentialAction\":[{\"@type\":\"SearchAction\",\"target\":{\"@type\":\"EntryPoint\",\"urlTemplate\":\"https:\\\/\\\/ultramag.it\\\/es\\\/?s={search_term_string}\"},\"query-input\":{\"@type\":\"PropertyValueSpecification\",\"valueRequired\":true,\"valueName\":\"search_term_string\"}}],\"inLanguage\":\"es\"},{\"@type\":\"Organization\",\"@id\":\"https:\\\/\\\/ultramag.it\\\/es\\\/#organization\",\"name\":\"UltraMag\u00ae\",\"url\":\"https:\\\/\\\/ultramag.it\\\/es\\\/\",\"logo\":{\"@type\":\"ImageObject\",\"inLanguage\":\"es\",\"@id\":\"https:\\\/\\\/ultramag.it\\\/es\\\/#\\\/schema\\\/logo\\\/image\\\/\",\"url\":\"https:\\\/\\\/ultramag.it\\\/wp-content\\\/uploads\\\/2023\\\/03\\\/logo_ultramag_2020_SF_bianco.png\",\"contentUrl\":\"https:\\\/\\\/ultramag.it\\\/wp-content\\\/uploads\\\/2023\\\/03\\\/logo_ultramag_2020_SF_bianco.png\",\"width\":1000,\"height\":294,\"caption\":\"UltraMag\u00ae\"},\"image\":{\"@id\":\"https:\\\/\\\/ultramag.it\\\/es\\\/#\\\/schema\\\/logo\\\/image\\\/\"}}]}<\/script>\n<!-- \/ Yoast SEO plugin. -->","yoast_head_json":{"title":"EL MAGNESIO PARA LA SALUD DE LOS HUESOS - UltraMag\u00ae","robots":{"index":"index","follow":"follow","max-snippet":"max-snippet:-1","max-image-preview":"max-image-preview:large","max-video-preview":"max-video-preview:-1"},"canonical":"https:\/\/ultramag.it\/es\/el-magnesio-para-la-salud-de-los-huesos\/","og_locale":"es_ES","og_type":"article","og_title":"EL MAGNESIO PARA LA SALUD DE LOS HUESOS - UltraMag\u00ae","og_description":"Cuando se piensa en la salud de los huesos y de las articulaciones, el primer elemento que viene a la mente es el calcio, seguido de la vitamina D. Por supuesto, estos dos nutrientes son esenciales, pero el magnesio tambi\u00e9n interviene directamente en el mantenimiento del metabolismo \u00f3seo. El magnesio es un mineral fundamental para [&hellip;]","og_url":"https:\/\/ultramag.it\/es\/el-magnesio-para-la-salud-de-los-huesos\/","og_site_name":"UltraMag\u00ae","article_modified_time":"2024-02-07T16:20:19+00:00","og_image":[{"url":"https:\/\/ultramag.it\/wp-content\/uploads\/2022\/03\/131853913_fb-link.jpg","type":"","width":"","height":""}],"twitter_card":"summary_large_image","twitter_misc":{"Tiempo de lectura":"2 minutos"},"schema":{"@context":"https:\/\/schema.org","@graph":[{"@type":"WebPage","@id":"https:\/\/ultramag.it\/es\/el-magnesio-para-la-salud-de-los-huesos\/","url":"https:\/\/ultramag.it\/es\/el-magnesio-para-la-salud-de-los-huesos\/","name":"EL MAGNESIO PARA LA SALUD DE LOS HUESOS - UltraMag\u00ae","isPartOf":{"@id":"https:\/\/ultramag.it\/es\/#website"},"primaryImageOfPage":{"@id":"https:\/\/ultramag.it\/es\/el-magnesio-para-la-salud-de-los-huesos\/#primaryimage"},"image":{"@id":"https:\/\/ultramag.it\/es\/el-magnesio-para-la-salud-de-los-huesos\/#primaryimage"},"thumbnailUrl":"https:\/\/ultramag.it\/wp-content\/uploads\/2022\/03\/131853913_fb-link.jpg","datePublished":"2022-03-30T09:55:04+00:00","dateModified":"2024-02-07T16:20:19+00:00","breadcrumb":{"@id":"https:\/\/ultramag.it\/es\/el-magnesio-para-la-salud-de-los-huesos\/#breadcrumb"},"inLanguage":"es","potentialAction":[{"@type":"ReadAction","target":["https:\/\/ultramag.it\/es\/el-magnesio-para-la-salud-de-los-huesos\/"]}]},{"@type":"ImageObject","inLanguage":"es","@id":"https:\/\/ultramag.it\/es\/el-magnesio-para-la-salud-de-los-huesos\/#primaryimage","url":"https:\/\/ultramag.it\/wp-content\/uploads\/2022\/03\/131853913_fb-link.jpg","contentUrl":"https:\/\/ultramag.it\/wp-content\/uploads\/2022\/03\/131853913_fb-link.jpg"},{"@type":"BreadcrumbList","@id":"https:\/\/ultramag.it\/es\/el-magnesio-para-la-salud-de-los-huesos\/#breadcrumb","itemListElement":[{"@type":"ListItem","position":1,"name":"Home","item":"https:\/\/ultramag.it\/es\/"},{"@type":"ListItem","position":2,"name":"EL MAGNESIO PARA LA SALUD DE LOS HUESOS"}]},{"@type":"WebSite","@id":"https:\/\/ultramag.it\/es\/#website","url":"https:\/\/ultramag.it\/es\/","name":"UltraMag\u00ae","description":"es un complemento alimenticio a base de &lt;strong&gt;Magnesio Sucrosomial&lt;sup&gt;\u00ae&lt;\/strong&gt;&lt;\/sup&gt;, \u00fatil para cubrir las deficiencias nutricionales, o el aumento de las necesidades org\u00e1nicas de este nutriente.","publisher":{"@id":"https:\/\/ultramag.it\/es\/#organization"},"potentialAction":[{"@type":"SearchAction","target":{"@type":"EntryPoint","urlTemplate":"https:\/\/ultramag.it\/es\/?s={search_term_string}"},"query-input":{"@type":"PropertyValueSpecification","valueRequired":true,"valueName":"search_term_string"}}],"inLanguage":"es"},{"@type":"Organization","@id":"https:\/\/ultramag.it\/es\/#organization","name":"UltraMag\u00ae","url":"https:\/\/ultramag.it\/es\/","logo":{"@type":"ImageObject","inLanguage":"es","@id":"https:\/\/ultramag.it\/es\/#\/schema\/logo\/image\/","url":"https:\/\/ultramag.it\/wp-content\/uploads\/2023\/03\/logo_ultramag_2020_SF_bianco.png","contentUrl":"https:\/\/ultramag.it\/wp-content\/uploads\/2023\/03\/logo_ultramag_2020_SF_bianco.png","width":1000,"height":294,"caption":"UltraMag\u00ae"},"image":{"@id":"https:\/\/ultramag.it\/es\/#\/schema\/logo\/image\/"}}]}},"_links":{"self":[{"href":"https:\/\/ultramag.it\/es\/wp-json\/wp\/v2\/pages\/1265","targetHints":{"allow":["GET"]}}],"collection":[{"href":"https:\/\/ultramag.it\/es\/wp-json\/wp\/v2\/pages"}],"about":[{"href":"https:\/\/ultramag.it\/es\/wp-json\/wp\/v2\/types\/page"}],"author":[{"embeddable":true,"href":"https:\/\/ultramag.it\/es\/wp-json\/wp\/v2\/users\/8"}],"replies":[{"embeddable":true,"href":"https:\/\/ultramag.it\/es\/wp-json\/wp\/v2\/comments?post=1265"}],"version-history":[{"count":3,"href":"https:\/\/ultramag.it\/es\/wp-json\/wp\/v2\/pages\/1265\/revisions"}],"predecessor-version":[{"id":1338,"href":"https:\/\/ultramag.it\/es\/wp-json\/wp\/v2\/pages\/1265\/revisions\/1338"}],"wp:attachment":[{"href":"https:\/\/ultramag.it\/es\/wp-json\/wp\/v2\/media?parent=1265"}],"curies":[{"name":"wp","href":"https:\/\/api.w.org\/{rel}","templated":true}]}}