{"id":1250,"date":"2021-02-17T16:40:32","date_gmt":"2021-02-17T15:40:32","guid":{"rendered":"https:\/\/ultramag.it\/?page_id=1250"},"modified":"2024-02-07T17:18:56","modified_gmt":"2024-02-07T16:18:56","slug":"funciones-beneficios-y-propiedades-del-magnesio","status":"publish","type":"page","link":"https:\/\/ultramag.it\/es\/funciones-beneficios-y-propiedades-del-magnesio\/","title":{"rendered":"FUNCIONES, BENEFICIOS Y PROPIEDADES DEL MAGNESIO"},"content":{"rendered":"\n<p>Las<strong> funciones y propiedades del magnesio<\/strong> son numerosas, pero a menudo la correcta ingesta de este mineral no se controla&nbsp; y se tiende a subestimar su importancia para la salud general del organismo.<\/p>\n\n\n\n<h2 class=\"wp-block-heading\">Funciones y propiedades del magnesio<\/h2>\n\n\n\n<p>El magnesio es un <strong>mineral esencial <\/strong>para el organismo y es responsable de muchas funciones fisiol\u00f3gicas. Limitarse a decir que el magnesio es bueno para los m\u00fasculos, el cerebro, los huesos y el coraz\u00f3n ser\u00eda una simplificaci\u00f3n, ya que este nutriente interviene en numerosos procesos metab\u00f3licos y en m\u00e1s de 300 reacciones enzim\u00e1ticas.<\/p>\n\n\n\n<p>El magnesio sirve para regular<strong> 5 funciones org\u00e1nicas<\/strong> fundamentales relacionadas con:<\/p>\n\n\n\n<ol class=\"wp-block-list\" type=\"1\">\n<li><strong>El metabolismo<\/strong>: al unirse al ATP formando un enlace estable, el magnesio interviene directamente en el proceso de acumulaci\u00f3n, transferencia y liberaci\u00f3n de energ\u00eda.<\/li>\n\n\n\n<li><strong>Los m\u00fasculos:<\/strong> el magnesio, a trav\u00e9s de su enlace con el ATP, ayuda a transportar la energ\u00eda a los m\u00fasculos. Adem\u00e1s, interviene directamente en los mecanismos de contracci\u00f3n y relajaci\u00f3n muscular, siendo un elemento indispensable para la gesti\u00f3n de las reservas de calcio de las c\u00e9lulas.<\/li>\n\n\n\n<li><strong>El sistema nervioso<\/strong>: el magnesio desempe\u00f1a un papel clave en la s\u00edntesis de numerosos neurotransmisores (como la serotonina, melatonina, dopamina, noradrenalina y GABA), contribuyendo al mantenimiento de las funciones cognitivas normales, la regulaci\u00f3n del ritmo circadiano y el estado de \u00e1nimo. Por si fuera poco, el magnesio tambi\u00e9n influye en el control del comportamiento, los movimientos voluntarios y la temperatura corporal.<\/li>\n\n\n\n<li><strong>Los huesos<\/strong>: el magnesio es un mineral fundamental para la absorci\u00f3n del calcio, puesto que influye directamente en el proceso de s\u00edntesis de la vitamina D, contribuyendo as\u00ed a mantener los huesos sanos y fuertes.<\/li>\n\n\n\n<li><strong>El coraz\u00f3n y la circulaci\u00f3n sangu\u00ednea<\/strong>: al tener funciones que influyen en los m\u00fasculos, el magnesio tambi\u00e9n act\u00faa sobre la contractilidad mioc\u00e1rdica, as\u00ed como sobre el tono y la resistencia vascular sist\u00e9mica (RVS).<\/li>\n<\/ol>\n\n\n\n<div style=\"height:25px\" aria-hidden=\"true\" class=\"wp-block-spacer\"><\/div>\n\n\n\n<div class=\"wp-block-buttons is-layout-flex wp-block-buttons-is-layout-flex\">\n<div class=\"wp-block-button is-style-fill\"><a class=\"wp-block-button__link has-background wp-element-button\" href=\"https:\/\/ultramag.it\/es\/el-magnesio-para-la-fatiga-muscular\/\" style=\"border-radius:36px;background-color:#6e2580\">MAGNESIO CONTRA MOLESTIAS MUSCULARES<\/a><\/div>\n\n\n\n<div class=\"wp-block-button is-style-fill\"><a class=\"wp-block-button__link has-white-color has-text-color has-background wp-element-button\" href=\"https:\/\/ultramag.it\/es\/el-magnesio-para-dormir-mejor\/\" style=\"border-radius:30px;background-color:#6e2580\">MAGNESIO CONTRA TRASTORNOS DEL SUE\u00d1O<\/a><\/div>\n\n\n\n<div class=\"wp-block-button is-style-fill\"><a class=\"wp-block-button__link has-white-color has-text-color has-background wp-element-button\" href=\"https:\/\/ultramag.it\/es\/el-magnesio-durante-el-ciclo-mestruale\/\" style=\"border-radius:30px;background-color:#6e2580\">EL MAGNESIO DURANTE EL CICLO MENSTRUAL<\/a><\/div>\n\n\n\n<div class=\"wp-block-button is-style-fill\"><a class=\"wp-block-button__link has-white-color has-text-color has-background wp-element-button\" href=\"https:\/\/ultramag.it\/es\/magnesio-en-el-embarazo\/\" style=\"border-radius:30px;background-color:#6e2580\">EL MAGNESIO DURANTE EL EMBARAZO<\/a><\/div>\n\n\n\n<div class=\"wp-block-button is-style-fill\"><a class=\"wp-block-button__link has-white-color has-text-color has-background wp-element-button\" href=\"https:\/\/ultramag.it\/es\/los-beneficios-del-magnesio-en-la-menopausia\/\" style=\"border-radius:30px;background-color:#6e2580\">EL MAGNESIO DURANTE LA MENOPAUSIA<\/a><\/div>\n\n\n\n<div class=\"wp-block-button is-style-fill\"><a class=\"wp-block-button__link has-white-color has-text-color has-background wp-element-button\" href=\"https:\/\/ultramag.it\/es\/el-magnesio-para-la-salud-de-los-huesos\/\" style=\"border-radius:30px;background-color:#6e2580\">EL MAGNESIO PARA LA SALUD DE LOS HUESOS<\/a><\/div>\n\n\n\n<div class=\"wp-block-button is-style-fill\"><a class=\"wp-block-button__link has-white-color has-text-color has-background wp-element-button\" href=\"https:\/\/ultramag.it\/es\/el-magnesio-para-ninos-y-adolescentes\/\" style=\"border-radius:30px;background-color:#6e2580\">EL MAGNESIO PARA NI\u00d1OS Y ADOLESCENTES<\/a><\/div>\n\n\n\n<div class=\"wp-block-button is-style-fill\"><a class=\"wp-block-button__link has-white-color has-text-color has-background wp-element-button\" href=\"https:\/\/ultramag.it\/es\/el-magnesio-para-detener-el-cansancio-fisico-y-psicologico\/\" style=\"border-radius:30px;background-color:#6e2580\">FUNCI\u00d3N PSICOL\u00d3GICA<\/a><\/div>\n<\/div>\n","protected":false},"excerpt":{"rendered":"<p>Las funciones y propiedades del magnesio son numerosas, pero a menudo la correcta ingesta de este mineral no se controla&nbsp; y se tiende a subestimar su importancia para la salud general del organismo. Funciones y propiedades del magnesio El magnesio es un mineral esencial para el organismo y es responsable de muchas funciones fisiol\u00f3gicas. Limitarse [&hellip;]<\/p>\n","protected":false},"author":8,"featured_media":0,"parent":0,"menu_order":0,"comment_status":"closed","ping_status":"closed","template":"","meta":{"_acf_changed":false,"footnotes":""},"class_list":["post-1250","page","type-page","status-publish","hentry"],"acf":[],"yoast_head":"<!-- This site is optimized with the Yoast SEO plugin v27.3 - https:\/\/yoast.com\/product\/yoast-seo-wordpress\/ -->\n<title>FUNCIONES, BENEFICIOS Y PROPIEDADES DEL MAGNESIO - UltraMag\u00ae<\/title>\n<meta name=\"robots\" content=\"index, follow, max-snippet:-1, max-image-preview:large, max-video-preview:-1\" \/>\n<link rel=\"canonical\" href=\"https:\/\/ultramag.it\/es\/funciones-beneficios-y-propiedades-del-magnesio\/\" \/>\n<meta property=\"og:locale\" content=\"es_ES\" \/>\n<meta property=\"og:type\" content=\"article\" \/>\n<meta property=\"og:title\" content=\"FUNCIONES, BENEFICIOS Y PROPIEDADES DEL MAGNESIO - UltraMag\u00ae\" \/>\n<meta property=\"og:description\" content=\"Las funciones y propiedades del magnesio son numerosas, pero a menudo la correcta ingesta de este mineral no se controla&nbsp; y se tiende a subestimar su importancia para la salud general del organismo. Funciones y propiedades del magnesio El magnesio es un mineral esencial para el organismo y es responsable de muchas funciones fisiol\u00f3gicas. Limitarse [&hellip;]\" \/>\n<meta property=\"og:url\" content=\"https:\/\/ultramag.it\/es\/funciones-beneficios-y-propiedades-del-magnesio\/\" \/>\n<meta property=\"og:site_name\" content=\"UltraMag\u00ae\" \/>\n<meta property=\"article:modified_time\" content=\"2024-02-07T16:18:56+00:00\" \/>\n<meta name=\"twitter:card\" content=\"summary_large_image\" \/>\n<meta name=\"twitter:label1\" content=\"Tiempo de lectura\" \/>\n\t<meta name=\"twitter:data1\" content=\"2 minutos\" \/>\n<script type=\"application\/ld+json\" class=\"yoast-schema-graph\">{\"@context\":\"https:\\\/\\\/schema.org\",\"@graph\":[{\"@type\":\"WebPage\",\"@id\":\"https:\\\/\\\/ultramag.it\\\/es\\\/funciones-beneficios-y-propiedades-del-magnesio\\\/\",\"url\":\"https:\\\/\\\/ultramag.it\\\/es\\\/funciones-beneficios-y-propiedades-del-magnesio\\\/\",\"name\":\"FUNCIONES, BENEFICIOS Y PROPIEDADES DEL MAGNESIO - UltraMag\u00ae\",\"isPartOf\":{\"@id\":\"https:\\\/\\\/ultramag.it\\\/es\\\/#website\"},\"datePublished\":\"2021-02-17T15:40:32+00:00\",\"dateModified\":\"2024-02-07T16:18:56+00:00\",\"breadcrumb\":{\"@id\":\"https:\\\/\\\/ultramag.it\\\/es\\\/funciones-beneficios-y-propiedades-del-magnesio\\\/#breadcrumb\"},\"inLanguage\":\"es\",\"potentialAction\":[{\"@type\":\"ReadAction\",\"target\":[\"https:\\\/\\\/ultramag.it\\\/es\\\/funciones-beneficios-y-propiedades-del-magnesio\\\/\"]}]},{\"@type\":\"BreadcrumbList\",\"@id\":\"https:\\\/\\\/ultramag.it\\\/es\\\/funciones-beneficios-y-propiedades-del-magnesio\\\/#breadcrumb\",\"itemListElement\":[{\"@type\":\"ListItem\",\"position\":1,\"name\":\"Home\",\"item\":\"https:\\\/\\\/ultramag.it\\\/es\\\/\"},{\"@type\":\"ListItem\",\"position\":2,\"name\":\"FUNCIONES, BENEFICIOS Y PROPIEDADES DEL MAGNESIO\"}]},{\"@type\":\"WebSite\",\"@id\":\"https:\\\/\\\/ultramag.it\\\/es\\\/#website\",\"url\":\"https:\\\/\\\/ultramag.it\\\/es\\\/\",\"name\":\"UltraMag\u00ae\",\"description\":\"es un complemento alimenticio a base de &lt;strong&gt;Magnesio Sucrosomial&lt;sup&gt;\u00ae&lt;\\\/strong&gt;&lt;\\\/sup&gt;, \u00fatil para cubrir las deficiencias nutricionales, o el aumento de las necesidades org\u00e1nicas de este nutriente.\",\"publisher\":{\"@id\":\"https:\\\/\\\/ultramag.it\\\/es\\\/#organization\"},\"potentialAction\":[{\"@type\":\"SearchAction\",\"target\":{\"@type\":\"EntryPoint\",\"urlTemplate\":\"https:\\\/\\\/ultramag.it\\\/es\\\/?s={search_term_string}\"},\"query-input\":{\"@type\":\"PropertyValueSpecification\",\"valueRequired\":true,\"valueName\":\"search_term_string\"}}],\"inLanguage\":\"es\"},{\"@type\":\"Organization\",\"@id\":\"https:\\\/\\\/ultramag.it\\\/es\\\/#organization\",\"name\":\"UltraMag\u00ae\",\"url\":\"https:\\\/\\\/ultramag.it\\\/es\\\/\",\"logo\":{\"@type\":\"ImageObject\",\"inLanguage\":\"es\",\"@id\":\"https:\\\/\\\/ultramag.it\\\/es\\\/#\\\/schema\\\/logo\\\/image\\\/\",\"url\":\"https:\\\/\\\/ultramag.it\\\/wp-content\\\/uploads\\\/2023\\\/03\\\/logo_ultramag_2020_SF_bianco.png\",\"contentUrl\":\"https:\\\/\\\/ultramag.it\\\/wp-content\\\/uploads\\\/2023\\\/03\\\/logo_ultramag_2020_SF_bianco.png\",\"width\":1000,\"height\":294,\"caption\":\"UltraMag\u00ae\"},\"image\":{\"@id\":\"https:\\\/\\\/ultramag.it\\\/es\\\/#\\\/schema\\\/logo\\\/image\\\/\"}}]}<\/script>\n<!-- \/ Yoast SEO plugin. -->","yoast_head_json":{"title":"FUNCIONES, BENEFICIOS Y PROPIEDADES DEL MAGNESIO - UltraMag\u00ae","robots":{"index":"index","follow":"follow","max-snippet":"max-snippet:-1","max-image-preview":"max-image-preview:large","max-video-preview":"max-video-preview:-1"},"canonical":"https:\/\/ultramag.it\/es\/funciones-beneficios-y-propiedades-del-magnesio\/","og_locale":"es_ES","og_type":"article","og_title":"FUNCIONES, BENEFICIOS Y PROPIEDADES DEL MAGNESIO - UltraMag\u00ae","og_description":"Las funciones y propiedades del magnesio son numerosas, pero a menudo la correcta ingesta de este mineral no se controla&nbsp; y se tiende a subestimar su importancia para la salud general del organismo. Funciones y propiedades del magnesio El magnesio es un mineral esencial para el organismo y es responsable de muchas funciones fisiol\u00f3gicas. Limitarse [&hellip;]","og_url":"https:\/\/ultramag.it\/es\/funciones-beneficios-y-propiedades-del-magnesio\/","og_site_name":"UltraMag\u00ae","article_modified_time":"2024-02-07T16:18:56+00:00","twitter_card":"summary_large_image","twitter_misc":{"Tiempo de lectura":"2 minutos"},"schema":{"@context":"https:\/\/schema.org","@graph":[{"@type":"WebPage","@id":"https:\/\/ultramag.it\/es\/funciones-beneficios-y-propiedades-del-magnesio\/","url":"https:\/\/ultramag.it\/es\/funciones-beneficios-y-propiedades-del-magnesio\/","name":"FUNCIONES, BENEFICIOS Y PROPIEDADES DEL MAGNESIO - UltraMag\u00ae","isPartOf":{"@id":"https:\/\/ultramag.it\/es\/#website"},"datePublished":"2021-02-17T15:40:32+00:00","dateModified":"2024-02-07T16:18:56+00:00","breadcrumb":{"@id":"https:\/\/ultramag.it\/es\/funciones-beneficios-y-propiedades-del-magnesio\/#breadcrumb"},"inLanguage":"es","potentialAction":[{"@type":"ReadAction","target":["https:\/\/ultramag.it\/es\/funciones-beneficios-y-propiedades-del-magnesio\/"]}]},{"@type":"BreadcrumbList","@id":"https:\/\/ultramag.it\/es\/funciones-beneficios-y-propiedades-del-magnesio\/#breadcrumb","itemListElement":[{"@type":"ListItem","position":1,"name":"Home","item":"https:\/\/ultramag.it\/es\/"},{"@type":"ListItem","position":2,"name":"FUNCIONES, BENEFICIOS Y PROPIEDADES DEL MAGNESIO"}]},{"@type":"WebSite","@id":"https:\/\/ultramag.it\/es\/#website","url":"https:\/\/ultramag.it\/es\/","name":"UltraMag\u00ae","description":"es un complemento alimenticio a base de &lt;strong&gt;Magnesio Sucrosomial&lt;sup&gt;\u00ae&lt;\/strong&gt;&lt;\/sup&gt;, \u00fatil para cubrir las deficiencias nutricionales, o el aumento de las necesidades org\u00e1nicas de este nutriente.","publisher":{"@id":"https:\/\/ultramag.it\/es\/#organization"},"potentialAction":[{"@type":"SearchAction","target":{"@type":"EntryPoint","urlTemplate":"https:\/\/ultramag.it\/es\/?s={search_term_string}"},"query-input":{"@type":"PropertyValueSpecification","valueRequired":true,"valueName":"search_term_string"}}],"inLanguage":"es"},{"@type":"Organization","@id":"https:\/\/ultramag.it\/es\/#organization","name":"UltraMag\u00ae","url":"https:\/\/ultramag.it\/es\/","logo":{"@type":"ImageObject","inLanguage":"es","@id":"https:\/\/ultramag.it\/es\/#\/schema\/logo\/image\/","url":"https:\/\/ultramag.it\/wp-content\/uploads\/2023\/03\/logo_ultramag_2020_SF_bianco.png","contentUrl":"https:\/\/ultramag.it\/wp-content\/uploads\/2023\/03\/logo_ultramag_2020_SF_bianco.png","width":1000,"height":294,"caption":"UltraMag\u00ae"},"image":{"@id":"https:\/\/ultramag.it\/es\/#\/schema\/logo\/image\/"}}]}},"_links":{"self":[{"href":"https:\/\/ultramag.it\/es\/wp-json\/wp\/v2\/pages\/1250","targetHints":{"allow":["GET"]}}],"collection":[{"href":"https:\/\/ultramag.it\/es\/wp-json\/wp\/v2\/pages"}],"about":[{"href":"https:\/\/ultramag.it\/es\/wp-json\/wp\/v2\/types\/page"}],"author":[{"embeddable":true,"href":"https:\/\/ultramag.it\/es\/wp-json\/wp\/v2\/users\/8"}],"replies":[{"embeddable":true,"href":"https:\/\/ultramag.it\/es\/wp-json\/wp\/v2\/comments?post=1250"}],"version-history":[{"count":4,"href":"https:\/\/ultramag.it\/es\/wp-json\/wp\/v2\/pages\/1250\/revisions"}],"predecessor-version":[{"id":1332,"href":"https:\/\/ultramag.it\/es\/wp-json\/wp\/v2\/pages\/1250\/revisions\/1332"}],"wp:attachment":[{"href":"https:\/\/ultramag.it\/es\/wp-json\/wp\/v2\/media?parent=1250"}],"curies":[{"name":"wp","href":"https:\/\/api.w.org\/{rel}","templated":true}]}}