{"id":1240,"date":"2021-02-17T16:23:20","date_gmt":"2021-02-17T15:23:20","guid":{"rendered":"https:\/\/ultramag.it\/?page_id=1240"},"modified":"2024-01-30T09:00:46","modified_gmt":"2024-01-30T08:00:46","slug":"magnesio-el-mineral-aliado-de-nuestro-bienestar","status":"publish","type":"page","link":"https:\/\/ultramag.it\/es\/magnesio-el-mineral-aliado-de-nuestro-bienestar\/","title":{"rendered":"MAGNESIO, EL MINERAL ALIADO DE NUESTRO BIENESTAR"},"content":{"rendered":"\n<p>El magnesio es un elemento esencial para la salud del organismo y uno de los minerales m\u00e1s abundantes en el cuerpo. Se estima que el magnesio corporal total en adultos var\u00eda entre 20 g y 28 g (alrededor del 0,34% de la masa corporal).<\/p>\n\n\n\n<h2 class=\"wp-block-heading\">El magnesio est\u00e1 distribuido entre:<\/h2>\n\n\n\n<p>El <strong>magnesio <\/strong>es un elemento esencial para la salud del organismo y uno de los minerales m\u00e1s abundantes en el cuerpo. Se estima que el <strong>magnesio corporal total <\/strong>en adultos var\u00eda entre 20 g y 28 g (alrededor del 0,34% de la masa corporal).<br>El magnesio est\u00e1 distribuido entre:<\/p>\n\n\n\n<div class=\"col-md-12\"><img decoding=\"async\" src=\"https:\/\/ultramag.it\/wp-content\/uploads\/2021\/03\/FruttaVerdura.png\" style=\"position: absolute;\n    z-index: -1;\"><div class=\"g_1\"><span class=\"nero\">60% HUESOS<\/span><\/div>\n<div class=\"g_2\"><span class=\"nero\">30% M\u00daSCULOS<\/span><\/div>\n<div class=\"g_3\"><span class=\"nero\">10% OTROS TEJIDOS Y SANGRE<\/span><\/div>\n<\/div>\n\n\n\n<div style=\"height:155px\" aria-hidden=\"true\" class=\"wp-block-spacer\"><\/div>\n\n\n\n<p>Cuando hablamos de <strong>magnesio intracelular<\/strong>, nos referimos al que se encuentra en los m\u00fasculos, en los tejidos blandos y en los gl\u00f3bulos rojos; mientras que el <strong>magnesio extracelular<\/strong> incluye el magnesio s\u00e9rico.<\/p>\n\n\n\n<p>Sin embargo, puesto que el suero contiene solo el 0,3% del magnesio que se encuentra en el cuerpo humano, el control de las reservas totales mediante simples an\u00e1lisis del suero podr\u00eda no ser muy preciso. Para saber si una persona padece <strong>hipomagnesemia <\/strong>(deficiencia de magnesio), es necesario hacer un dosaje de magnesio en orina de 24 h.<\/p>\n\n\n\n<p>De todas maneras, en la mayor\u00eda de los casos, los trastornos derivados de la deficiencia de magnesio son f\u00e1ciles de detectar, por lo que el diagn\u00f3stico es inmediato incluso sin un an\u00e1lisis cl\u00ednico espec\u00edfico.<\/p>\n\n\n\n<h2 class=\"wp-block-heading\">El magnesio en los alimentos: el secreto est\u00e1 en lo que comemos<\/h2>\n\n\n\n<p>En condiciones normales, la concentraci\u00f3n plasm\u00e1tica de magnesio oscila entre 1,7 y 2,6 mg\/dL. Para mantener estos valores constantes, la <strong>ingesta diaria de magnesio es de 420 mg para el hombre y 320 mg para la mujer,<\/strong> excluyendo el periodo de embarazo y lactancia, en el que la ingesta deber\u00eda oscilar entre 350 mg y 450 mg.<\/p>\n\n\n\n<p>Una <strong>dieta correcta y equilibrada <\/strong>puede aportar al cuerpo todos los nutrientes necesarios. En el caso del magnesio, la <strong>ingesta de agua tambi\u00e9n es esencial<\/strong>: por s\u00ed sola puede aportar casi el 10% del requerimiento diario. Las aguas m\u00e1s ricas en magnesio son aquellas definidas \u00abaguas duras\u00bb, es decir, las que contienen una cantidad de mineral de alrededor de 30 mg\/L.<\/p>\n\n\n\n<p>Los <strong>alimentos m\u00e1s ricos en magnesio<\/strong> son las nueces, el cacao, las semillas oleaginosas (por ejemplo, de calabaza, girasol, lino y soja), las jud\u00edas, los cereales y todas las verduras de hoja verde (de hecho, el magnesio forma parte integrante de la clorofila). En menor medida, tambi\u00e9n son buenas fuentes de magnesio la fruta (sobre todo melocotones, pl\u00e1tanos y cerezas), la carne, el pescado y los productos l\u00e1cteos. Sin embargo, hay que considerar que la cocci\u00f3n de los alimentos, aunque sea breve, reduce de manera significativa el contenido en magnesio, y en general el de todos los nutrientes m\u00e1s importantes.<\/p>\n\n\n\n<h5 class=\"wp-block-heading\">Contenuto di magnesio negli alimenti<\/h5>\n\n\n\n<figure class=\"wp-block-table is-style-stripes\"><table class=\"has-fixed-layout\"><thead><tr><th>ALTO<\/th><th>mg\/100g<\/th><th>MEDIO<\/th><th>mg\/100g<\/th><th>BAJO<\/th><th>mg\/100g<\/th><\/tr><\/thead><tbody><tr><td>Salvado<\/td><td>420<\/td><td>Ma\u00edz<\/td><td>120<\/td><td>Pasta<\/td><td>57<\/td><\/tr><tr><td>Chocolate amargo<\/td><td>292<\/td><td>Acelga<\/td><td>113<\/td><td>Melocotones<\/td><td>54<\/td><\/tr><tr><td>Almendras<\/td><td>255<\/td><td>Chocolate con leche<\/td><td>107<\/td><td>Harina blanca<\/td><td>37<\/td><\/tr><tr><td>Cacao<\/td><td>192<\/td><td>Arroz integral<\/td><td>106<\/td><td>Pl\u00e1tanos<\/td><td>31<\/td><\/tr><tr><td>Cacahuetes<\/td><td>167<\/td><td>Higos secos<\/td><td>82<\/td><td>Ternera<\/td><td>28<\/td><\/tr><tr><td><\/td><td><\/td><td>Pan integral<\/td><td>60<\/td><td>Vacuno, cerdo<\/td><td>25<\/td><\/tr><tr><td><\/td><td><\/td><td><\/td><td><\/td><td>Cerezas<\/td><td>14<\/td><\/tr><tr><td><\/td><td><\/td><td><\/td><td><\/td><td>Ciruelas, naranjas<\/td><td>11<\/td><\/tr><tr><td><\/td><td><\/td><td><\/td><td><\/td><td>Manzanas, peras<\/td><td>10<\/td><\/tr><\/tbody><\/table><figcaption class=\"wp-element-caption\">Lista de los alimentos de alto contenido de magnesio<\/figcaption><\/figure>\n\n\n\n<h2 class=\"wp-block-heading\">\u00bfCu\u00e1ntos tipos de magnesio existen?<\/h2>\n\n\n\n<p>El magnesio se presenta comercialmente en diferentes formas y no todas son iguales. Los <strong>diferentes tipos de magnesio<\/strong> se dividen en:<\/p>\n\n\n\n<ul class=\"wp-block-list\">\n<li><strong>sales org\u00e1nicas<\/strong> (como pidolato magn\u00e9sico, gluconato de magnesio, citrato de magnesio, aspartato de magnesio)<\/li>\n\n\n\n<li><strong>sales inorg\u00e1nicas<\/strong> (como \u00f3xido de magnesio, cloruro de magnesio, sulfato de magnesio, carbonato de magnesio)<\/li>\n\n\n\n<li><strong>complejos o quelatos de magnesio<\/strong> (como el glicinato de magnesio)<\/li>\n<\/ul>\n\n\n\n<figure class=\"wp-block-table is-style-stripes\"><table class=\"has-fixed-layout\"><thead><tr><th>SAL DE MAGNESIO<\/th><th>GRAMOS DE MAGNESIO POR GRAMO DE COMPUESTO<\/th><th>PORCENTAJE DE MAGNESIO POR COMPUESTO<\/th><\/tr><\/thead><tbody><tr><td>\u00d3xido de magnesio<\/td><td>0,600g<\/td><td>60%<\/td><\/tr><tr><td>Citrato de magnesio<\/td><td>0,160g<\/td><td>16%<\/td><\/tr><tr><td>Lactato de magnesio<\/td><td>0,120g<\/td><td>12%<\/td><\/tr><tr><td>Piruvato de magnesio<\/td><td>0,100g<\/td><td>10%<\/td><\/tr><tr><td>Sulfato de magnesio<\/td><td>0,100g<\/td><td>10%<\/td><\/tr><tr><td>Pidolato de magnesio<\/td><td>0,087g<\/td><td>8,7%<\/td><\/tr><tr><td>Orotato de magnesio<\/td><td>0,077g<\/td><td>7,7%<\/td><\/tr><tr><td>Gluconato de magnesio<\/td><td>0,058g<\/td><td>5,8%<\/td><\/tr><\/tbody><\/table><figcaption class=\"wp-element-caption\">Contenido de magnesio elemental en las diferentes sales de magnesio que se encuentran habitualmente en el mercado<\/figcaption><\/figure>\n\n\n\n<p>Las formas org\u00e1nicas son m\u00e1s asimilables que las inorg\u00e1nicas, por lo que la mayor\u00eda de los complementos de <strong>magnesio son a base de sales org\u00e1nicas<\/strong>. Sin embargo, entre las diferentes sales disponibles, el \u00f3xido de magnesio es la que tiene el mayor contenido de magnesio elemental y, por lo tanto, una fuente excelente si se hace m\u00e1s asimilable. Esta es la tarea de la<a href=\"https:\/\/ultramag.it\/es\/magnesio-sucrosomial-mejor-absorcion-y-alta-tolerabilidad\/\"> Tecnolog\u00eda Sucrosomial\u00ae<\/a>, un sistema de administraci\u00f3n patentado que permite envolver las mol\u00e9culas de \u00f3xido de magnesio en una matriz protectora que otorga gastrorresistencia y mejora la absorci\u00f3n. <\/p>\n\n\n\n<div style=\"height:100px\" aria-hidden=\"true\" class=\"wp-block-spacer\"><\/div>\n","protected":false},"excerpt":{"rendered":"<p>El magnesio es un elemento esencial para la salud del organismo y uno de los minerales m\u00e1s abundantes en el cuerpo. Se estima que el magnesio corporal total en adultos var\u00eda entre 20 g y 28 g (alrededor del 0,34% de la masa corporal). El magnesio est\u00e1 distribuido entre: El magnesio es un elemento esencial [&hellip;]<\/p>\n","protected":false},"author":8,"featured_media":0,"parent":0,"menu_order":0,"comment_status":"closed","ping_status":"closed","template":"","meta":{"_acf_changed":false,"footnotes":""},"class_list":["post-1240","page","type-page","status-publish","hentry"],"acf":[],"yoast_head":"<!-- This site is optimized with the Yoast SEO plugin v27.4 - https:\/\/yoast.com\/product\/yoast-seo-wordpress\/ -->\n<title>MAGNESIO, EL MINERAL ALIADO DE NUESTRO BIENESTAR - UltraMag\u00ae<\/title>\n<meta name=\"robots\" content=\"index, follow, max-snippet:-1, max-image-preview:large, max-video-preview:-1\" \/>\n<link rel=\"canonical\" href=\"https:\/\/ultramag.it\/es\/magnesio-el-mineral-aliado-de-nuestro-bienestar\/\" \/>\n<meta property=\"og:locale\" content=\"es_ES\" \/>\n<meta property=\"og:type\" content=\"article\" \/>\n<meta property=\"og:title\" content=\"MAGNESIO, EL MINERAL ALIADO DE NUESTRO BIENESTAR - UltraMag\u00ae\" \/>\n<meta property=\"og:description\" content=\"El magnesio es un elemento esencial para la salud del organismo y uno de los minerales m\u00e1s abundantes en el cuerpo. Se estima que el magnesio corporal total en adultos var\u00eda entre 20 g y 28 g (alrededor del 0,34% de la masa corporal). El magnesio est\u00e1 distribuido entre: El magnesio es un elemento esencial [&hellip;]\" \/>\n<meta property=\"og:url\" content=\"https:\/\/ultramag.it\/es\/magnesio-el-mineral-aliado-de-nuestro-bienestar\/\" \/>\n<meta property=\"og:site_name\" content=\"UltraMag\u00ae\" \/>\n<meta property=\"article:modified_time\" content=\"2024-01-30T08:00:46+00:00\" \/>\n<meta property=\"og:image\" content=\"https:\/\/ultramag.it\/wp-content\/uploads\/2021\/03\/FruttaVerdura.png\" \/>\n<meta name=\"twitter:card\" content=\"summary_large_image\" \/>\n<meta name=\"twitter:label1\" content=\"Tiempo de lectura\" \/>\n\t<meta name=\"twitter:data1\" content=\"4 minutos\" \/>\n<script type=\"application\/ld+json\" class=\"yoast-schema-graph\">{\"@context\":\"https:\\\/\\\/schema.org\",\"@graph\":[{\"@type\":\"WebPage\",\"@id\":\"https:\\\/\\\/ultramag.it\\\/es\\\/magnesio-el-mineral-aliado-de-nuestro-bienestar\\\/\",\"url\":\"https:\\\/\\\/ultramag.it\\\/es\\\/magnesio-el-mineral-aliado-de-nuestro-bienestar\\\/\",\"name\":\"MAGNESIO, EL MINERAL ALIADO DE NUESTRO BIENESTAR - UltraMag\u00ae\",\"isPartOf\":{\"@id\":\"https:\\\/\\\/ultramag.it\\\/es\\\/#website\"},\"primaryImageOfPage\":{\"@id\":\"https:\\\/\\\/ultramag.it\\\/es\\\/magnesio-el-mineral-aliado-de-nuestro-bienestar\\\/#primaryimage\"},\"image\":{\"@id\":\"https:\\\/\\\/ultramag.it\\\/es\\\/magnesio-el-mineral-aliado-de-nuestro-bienestar\\\/#primaryimage\"},\"thumbnailUrl\":\"https:\\\/\\\/ultramag.it\\\/wp-content\\\/uploads\\\/2021\\\/03\\\/FruttaVerdura.png\",\"datePublished\":\"2021-02-17T15:23:20+00:00\",\"dateModified\":\"2024-01-30T08:00:46+00:00\",\"breadcrumb\":{\"@id\":\"https:\\\/\\\/ultramag.it\\\/es\\\/magnesio-el-mineral-aliado-de-nuestro-bienestar\\\/#breadcrumb\"},\"inLanguage\":\"es\",\"potentialAction\":[{\"@type\":\"ReadAction\",\"target\":[\"https:\\\/\\\/ultramag.it\\\/es\\\/magnesio-el-mineral-aliado-de-nuestro-bienestar\\\/\"]}]},{\"@type\":\"ImageObject\",\"inLanguage\":\"es\",\"@id\":\"https:\\\/\\\/ultramag.it\\\/es\\\/magnesio-el-mineral-aliado-de-nuestro-bienestar\\\/#primaryimage\",\"url\":\"https:\\\/\\\/ultramag.it\\\/wp-content\\\/uploads\\\/2021\\\/03\\\/FruttaVerdura.png\",\"contentUrl\":\"https:\\\/\\\/ultramag.it\\\/wp-content\\\/uploads\\\/2021\\\/03\\\/FruttaVerdura.png\"},{\"@type\":\"BreadcrumbList\",\"@id\":\"https:\\\/\\\/ultramag.it\\\/es\\\/magnesio-el-mineral-aliado-de-nuestro-bienestar\\\/#breadcrumb\",\"itemListElement\":[{\"@type\":\"ListItem\",\"position\":1,\"name\":\"Home\",\"item\":\"https:\\\/\\\/ultramag.it\\\/es\\\/\"},{\"@type\":\"ListItem\",\"position\":2,\"name\":\"MAGNESIO, EL MINERAL ALIADO DE NUESTRO BIENESTAR\"}]},{\"@type\":\"WebSite\",\"@id\":\"https:\\\/\\\/ultramag.it\\\/es\\\/#website\",\"url\":\"https:\\\/\\\/ultramag.it\\\/es\\\/\",\"name\":\"UltraMag\u00ae\",\"description\":\"es un complemento alimenticio a base de &lt;strong&gt;Magnesio Sucrosomial&lt;sup&gt;\u00ae&lt;\\\/strong&gt;&lt;\\\/sup&gt;, \u00fatil para cubrir las deficiencias nutricionales, o el aumento de las necesidades org\u00e1nicas de este nutriente.\",\"publisher\":{\"@id\":\"https:\\\/\\\/ultramag.it\\\/es\\\/#organization\"},\"potentialAction\":[{\"@type\":\"SearchAction\",\"target\":{\"@type\":\"EntryPoint\",\"urlTemplate\":\"https:\\\/\\\/ultramag.it\\\/es\\\/?s={search_term_string}\"},\"query-input\":{\"@type\":\"PropertyValueSpecification\",\"valueRequired\":true,\"valueName\":\"search_term_string\"}}],\"inLanguage\":\"es\"},{\"@type\":\"Organization\",\"@id\":\"https:\\\/\\\/ultramag.it\\\/es\\\/#organization\",\"name\":\"UltraMag\u00ae\",\"url\":\"https:\\\/\\\/ultramag.it\\\/es\\\/\",\"logo\":{\"@type\":\"ImageObject\",\"inLanguage\":\"es\",\"@id\":\"https:\\\/\\\/ultramag.it\\\/es\\\/#\\\/schema\\\/logo\\\/image\\\/\",\"url\":\"https:\\\/\\\/ultramag.it\\\/wp-content\\\/uploads\\\/2023\\\/03\\\/logo_ultramag_2020_SF_bianco.png\",\"contentUrl\":\"https:\\\/\\\/ultramag.it\\\/wp-content\\\/uploads\\\/2023\\\/03\\\/logo_ultramag_2020_SF_bianco.png\",\"width\":1000,\"height\":294,\"caption\":\"UltraMag\u00ae\"},\"image\":{\"@id\":\"https:\\\/\\\/ultramag.it\\\/es\\\/#\\\/schema\\\/logo\\\/image\\\/\"}}]}<\/script>\n<!-- \/ Yoast SEO plugin. -->","yoast_head_json":{"title":"MAGNESIO, EL MINERAL ALIADO DE NUESTRO BIENESTAR - UltraMag\u00ae","robots":{"index":"index","follow":"follow","max-snippet":"max-snippet:-1","max-image-preview":"max-image-preview:large","max-video-preview":"max-video-preview:-1"},"canonical":"https:\/\/ultramag.it\/es\/magnesio-el-mineral-aliado-de-nuestro-bienestar\/","og_locale":"es_ES","og_type":"article","og_title":"MAGNESIO, EL MINERAL ALIADO DE NUESTRO BIENESTAR - UltraMag\u00ae","og_description":"El magnesio es un elemento esencial para la salud del organismo y uno de los minerales m\u00e1s abundantes en el cuerpo. Se estima que el magnesio corporal total en adultos var\u00eda entre 20 g y 28 g (alrededor del 0,34% de la masa corporal). El magnesio est\u00e1 distribuido entre: El magnesio es un elemento esencial [&hellip;]","og_url":"https:\/\/ultramag.it\/es\/magnesio-el-mineral-aliado-de-nuestro-bienestar\/","og_site_name":"UltraMag\u00ae","article_modified_time":"2024-01-30T08:00:46+00:00","og_image":[{"url":"https:\/\/ultramag.it\/wp-content\/uploads\/2021\/03\/FruttaVerdura.png","type":"","width":"","height":""}],"twitter_card":"summary_large_image","twitter_misc":{"Tiempo de lectura":"4 minutos"},"schema":{"@context":"https:\/\/schema.org","@graph":[{"@type":"WebPage","@id":"https:\/\/ultramag.it\/es\/magnesio-el-mineral-aliado-de-nuestro-bienestar\/","url":"https:\/\/ultramag.it\/es\/magnesio-el-mineral-aliado-de-nuestro-bienestar\/","name":"MAGNESIO, EL MINERAL ALIADO DE NUESTRO BIENESTAR - UltraMag\u00ae","isPartOf":{"@id":"https:\/\/ultramag.it\/es\/#website"},"primaryImageOfPage":{"@id":"https:\/\/ultramag.it\/es\/magnesio-el-mineral-aliado-de-nuestro-bienestar\/#primaryimage"},"image":{"@id":"https:\/\/ultramag.it\/es\/magnesio-el-mineral-aliado-de-nuestro-bienestar\/#primaryimage"},"thumbnailUrl":"https:\/\/ultramag.it\/wp-content\/uploads\/2021\/03\/FruttaVerdura.png","datePublished":"2021-02-17T15:23:20+00:00","dateModified":"2024-01-30T08:00:46+00:00","breadcrumb":{"@id":"https:\/\/ultramag.it\/es\/magnesio-el-mineral-aliado-de-nuestro-bienestar\/#breadcrumb"},"inLanguage":"es","potentialAction":[{"@type":"ReadAction","target":["https:\/\/ultramag.it\/es\/magnesio-el-mineral-aliado-de-nuestro-bienestar\/"]}]},{"@type":"ImageObject","inLanguage":"es","@id":"https:\/\/ultramag.it\/es\/magnesio-el-mineral-aliado-de-nuestro-bienestar\/#primaryimage","url":"https:\/\/ultramag.it\/wp-content\/uploads\/2021\/03\/FruttaVerdura.png","contentUrl":"https:\/\/ultramag.it\/wp-content\/uploads\/2021\/03\/FruttaVerdura.png"},{"@type":"BreadcrumbList","@id":"https:\/\/ultramag.it\/es\/magnesio-el-mineral-aliado-de-nuestro-bienestar\/#breadcrumb","itemListElement":[{"@type":"ListItem","position":1,"name":"Home","item":"https:\/\/ultramag.it\/es\/"},{"@type":"ListItem","position":2,"name":"MAGNESIO, EL MINERAL ALIADO DE NUESTRO BIENESTAR"}]},{"@type":"WebSite","@id":"https:\/\/ultramag.it\/es\/#website","url":"https:\/\/ultramag.it\/es\/","name":"UltraMag\u00ae","description":"es un complemento alimenticio a base de &lt;strong&gt;Magnesio Sucrosomial&lt;sup&gt;\u00ae&lt;\/strong&gt;&lt;\/sup&gt;, \u00fatil para cubrir las deficiencias nutricionales, o el aumento de las necesidades org\u00e1nicas de este nutriente.","publisher":{"@id":"https:\/\/ultramag.it\/es\/#organization"},"potentialAction":[{"@type":"SearchAction","target":{"@type":"EntryPoint","urlTemplate":"https:\/\/ultramag.it\/es\/?s={search_term_string}"},"query-input":{"@type":"PropertyValueSpecification","valueRequired":true,"valueName":"search_term_string"}}],"inLanguage":"es"},{"@type":"Organization","@id":"https:\/\/ultramag.it\/es\/#organization","name":"UltraMag\u00ae","url":"https:\/\/ultramag.it\/es\/","logo":{"@type":"ImageObject","inLanguage":"es","@id":"https:\/\/ultramag.it\/es\/#\/schema\/logo\/image\/","url":"https:\/\/ultramag.it\/wp-content\/uploads\/2023\/03\/logo_ultramag_2020_SF_bianco.png","contentUrl":"https:\/\/ultramag.it\/wp-content\/uploads\/2023\/03\/logo_ultramag_2020_SF_bianco.png","width":1000,"height":294,"caption":"UltraMag\u00ae"},"image":{"@id":"https:\/\/ultramag.it\/es\/#\/schema\/logo\/image\/"}}]}},"_links":{"self":[{"href":"https:\/\/ultramag.it\/es\/wp-json\/wp\/v2\/pages\/1240","targetHints":{"allow":["GET"]}}],"collection":[{"href":"https:\/\/ultramag.it\/es\/wp-json\/wp\/v2\/pages"}],"about":[{"href":"https:\/\/ultramag.it\/es\/wp-json\/wp\/v2\/types\/page"}],"author":[{"embeddable":true,"href":"https:\/\/ultramag.it\/es\/wp-json\/wp\/v2\/users\/8"}],"replies":[{"embeddable":true,"href":"https:\/\/ultramag.it\/es\/wp-json\/wp\/v2\/comments?post=1240"}],"version-history":[{"count":2,"href":"https:\/\/ultramag.it\/es\/wp-json\/wp\/v2\/pages\/1240\/revisions"}],"predecessor-version":[{"id":1291,"href":"https:\/\/ultramag.it\/es\/wp-json\/wp\/v2\/pages\/1240\/revisions\/1291"}],"wp:attachment":[{"href":"https:\/\/ultramag.it\/es\/wp-json\/wp\/v2\/media?parent=1240"}],"curies":[{"name":"wp","href":"https:\/\/api.w.org\/{rel}","templated":true}]}}