{"id":1079,"date":"2021-02-16T14:36:37","date_gmt":"2021-02-16T13:36:37","guid":{"rendered":"https:\/\/ultramag.it\/?page_id=1079"},"modified":"2024-01-29T15:52:39","modified_gmt":"2024-01-29T14:52:39","slug":"magnesio-sucrosomial-mejor-absorcion-y-alta-tolerabilidad","status":"publish","type":"page","link":"https:\/\/ultramag.it\/es\/magnesio-sucrosomial-mejor-absorcion-y-alta-tolerabilidad\/","title":{"rendered":"MAGNESIO SUCROSOMIAL\u00ae: MEJOR ABSORCI\u00d3N Y ALTA TOLERABILIDAD"},"content":{"rendered":"\n<p>El <strong>Magnesio Sucrosomial<\/strong>\u00ae es una formulaci\u00f3n a base de mol\u00e9culas de \u00f3xido de magnesio protegidas por una estructura innovadora denominada <strong>Sucrosoma<\/strong>\u00ae. Gracias al Sucrosoma\u00ae, un compuesto espec\u00edfico de emulgentes y magnesio, el mineral es f\u00e1cilmente absorbido por el cuerpo.<\/p>\n\n\n\n<div class=\"wp-block-media-text alignwide is-stacked-on-mobile\"><figure class=\"wp-block-media-text__media\"><img loading=\"lazy\" decoding=\"async\" width=\"800\" height=\"313\" src=\"https:\/\/ultramag.it\/wp-content\/uploads\/2024\/01\/sucrosoma_ultramag-esp.png\" alt=\"\" class=\"wp-image-1235 size-full\" srcset=\"https:\/\/ultramag.it\/wp-content\/uploads\/2024\/01\/sucrosoma_ultramag-esp.png 800w, https:\/\/ultramag.it\/wp-content\/uploads\/2024\/01\/sucrosoma_ultramag-esp-300x117.png 300w, https:\/\/ultramag.it\/wp-content\/uploads\/2024\/01\/sucrosoma_ultramag-esp-768x300.png 768w\" sizes=\"auto, (max-width: 800px) 100vw, 800px\" \/><\/figure><div class=\"wp-block-media-text__content\">\n<p>La <strong>Tecnolog\u00eda Sucrosomial\u00ae<\/strong> permite que los minerales, que suelen caracterizarse por una absorci\u00f3n reducida y una mala tolerancia gastrointestinal, atraviesen el est\u00f3mago sin sufrir da\u00f1os y lleguen f\u00e1cilmente al intestino, donde se produce la absorci\u00f3n.<\/p>\n<\/div><\/div>\n\n\n\n<h2 class=\"wp-block-heading\">\u00bfPara qu\u00e9 sirve la Tecnolog\u00eda Sucrosomial\u00ae?<\/h2>\n\n\n\n<p>La<strong> Tecnolog\u00eda Sucrosomial\u00ae<\/strong> ha sido desarrollada y patentada por&nbsp;<a href=\"https:\/\/www.pharmanutra.it\/it\/\" target=\"_blank\" rel=\"noreferrer noopener\"><strong>PharmaNutra<\/strong><\/a> para transportar, proteger y favorecer la absorci\u00f3n intestinal de nutrientes (micro y macronutrientes) fundamentales para la salud del cuerpo humano. El nombre deriva de <strong>Sucrosoma<\/strong>\u00ae, este particular compuesto formado esencialmente por una matriz fosfolip\u00eddica, fosfato tric\u00e1lcico y sucro\u00e9steres de \u00e1cidos grasos, que junto con la presencia de una fuente de almid\u00f3n envuelve al nutriente..<\/p>\n\n\n\n<p>El <strong>Sucrosoma<\/strong>\u00ae cumple <strong>varias funciones<\/strong>: en primer lugar, <strong>contribuye a reducir el efecto<\/strong> de las sustancias \u00e1cidas del medio g\u00e1strico sobre los <strong>micro y macronutrientes<\/strong>, manteniendo sus caracter\u00edsticas inalteradas y, al mismo tiempo, impide que algunos de ellos interact\u00faen negativamente con las mucosas. En segundo lugar, el compuesto Sucrosomial\u00ae <strong>facilita el transporte de nutrientes<\/strong> en el lumen intestinal y, por tanto, <strong>favorece su absorci\u00f3n<\/strong>, contribuyendo a la biodisponibilidad de cada uno de los nutrientes para las funciones org\u00e1nicas normales.<\/p>\n\n\n\n<p>La <strong>Tecnolog\u00eda Sucrosomial<\/strong>\u00ae se aplica desde hace tiempo no solo al magnesio, sino tambi\u00e9n a otros elementos esenciales para nuestro bienestar y equilibrio, tales como el hierro, el selenio, el zinc, el yodo o el calcio, y constituye un recurso innovador y eficaz para mejorar la ingesta de minerales cuando se producen deficiencias nutricionales o cuando hay un aumento de las necesidades org\u00e1nicas.<\/p>\n\n\n\n<h2 class=\"wp-block-heading\">La Tecnolog\u00eda Sucrosomial\u00ae aplicada al magnesio<\/h2>\n\n\n\n<div class=\"wp-block-media-text alignwide has-media-on-the-right is-stacked-on-mobile\" style=\"grid-template-columns:auto 36%\"><div class=\"wp-block-media-text__content\">\n<p>El magnesio es uno de los elementos nutricionales m\u00e1s importantes para nuestro cuerpo. Efectivamente, es responsable de numerosas funciones fisiol\u00f3gicas relacionadas con los m\u00fasculos, el <strong>cerebro<\/strong>, los <strong>huesos <\/strong>y el <strong>coraz\u00f3n<\/strong>, as\u00ed como de numerosos procesos metab\u00f3licos y reacciones enzim\u00e1ticas.<\/p>\n\n\n\n<p><strong>UltraMag<\/strong>\u00ae es el \u00fanico complemento alimenticio compuesto exclusivamente por <strong>Magnesio Sucrosomial<\/strong>\u00ae. Su formulaci\u00f3n espec\u00edfica protege y transporta el magnesio directamente al intestino delgado, donde se producen los principales mecanismos de absorci\u00f3n, en el yeyuno y el \u00edleon. Una vez absorbido, el magnesio est\u00e1 disponible para todo el organismo y para las numerosas funciones metab\u00f3licas en las que es necesario.<\/p>\n\n\n\n<p>La aplicaci\u00f3n de la Tecnolog\u00eda Sucrosomial\u00ae permite proteger el magnesio en el medio \u00e1cido g\u00e1strico que podr\u00eda afectar a la correcta absorci\u00f3n del mineral en los intestinos. En comparaci\u00f3n con otras sales de magnesio utilizadas habitualmente en complementos alimenticios espec\u00edficos para estados carenciales nutricionales, el <strong>Magnesio Sucrosomial<\/strong>\u00ae de <strong>UltraMag<\/strong>\u00ae no entra en contacto con las mucosas, no provoca trastornos gastrointestinales y es absorbido m\u00e1s f\u00e1cilmente en el intestino, demostrando una excelente tolerabilidad, tambi\u00e9n en ingestas diarias por periodos prolongados.<\/p>\n<\/div><figure class=\"wp-block-media-text__media\"><img loading=\"lazy\" decoding=\"async\" width=\"397\" height=\"496\" src=\"https:\/\/ultramag.it\/wp-content\/uploads\/2024\/01\/silhouette_ultramag_esp.png\" alt=\"\" class=\"wp-image-1232 size-full\" srcset=\"https:\/\/ultramag.it\/wp-content\/uploads\/2024\/01\/silhouette_ultramag_esp.png 397w, https:\/\/ultramag.it\/wp-content\/uploads\/2024\/01\/silhouette_ultramag_esp-240x300.png 240w\" sizes=\"auto, (max-width: 397px) 100vw, 397px\" \/><\/figure><\/div>\n","protected":false},"excerpt":{"rendered":"<p>El Magnesio Sucrosomial\u00ae es una formulaci\u00f3n a base de mol\u00e9culas de \u00f3xido de magnesio protegidas por una estructura innovadora denominada Sucrosoma\u00ae. Gracias al Sucrosoma\u00ae, un compuesto espec\u00edfico de emulgentes y magnesio, el mineral es f\u00e1cilmente absorbido por el cuerpo. La Tecnolog\u00eda Sucrosomial\u00ae permite que los minerales, que suelen caracterizarse por una absorci\u00f3n reducida y una [&hellip;]<\/p>\n","protected":false},"author":8,"featured_media":0,"parent":0,"menu_order":0,"comment_status":"closed","ping_status":"closed","template":"","meta":{"_acf_changed":false,"footnotes":""},"class_list":["post-1079","page","type-page","status-publish","hentry"],"acf":[],"yoast_head":"<!-- This site is optimized with the Yoast SEO plugin v27.6 - https:\/\/yoast.com\/product\/yoast-seo-wordpress\/ -->\n<title>MAGNESIO SUCROSOMIAL\u00ae: MEJOR ABSORCI\u00d3N Y ALTA TOLERABILIDAD - UltraMag\u00ae<\/title>\n<meta name=\"robots\" content=\"index, follow, max-snippet:-1, max-image-preview:large, max-video-preview:-1\" \/>\n<link rel=\"canonical\" href=\"https:\/\/ultramag.it\/es\/magnesio-sucrosomial-mejor-absorcion-y-alta-tolerabilidad\/\" \/>\n<meta property=\"og:locale\" content=\"es_ES\" \/>\n<meta property=\"og:type\" content=\"article\" \/>\n<meta property=\"og:title\" content=\"MAGNESIO SUCROSOMIAL\u00ae: MEJOR ABSORCI\u00d3N Y ALTA TOLERABILIDAD - UltraMag\u00ae\" \/>\n<meta property=\"og:description\" content=\"El Magnesio Sucrosomial\u00ae es una formulaci\u00f3n a base de mol\u00e9culas de \u00f3xido de magnesio protegidas por una estructura innovadora denominada Sucrosoma\u00ae. Gracias al Sucrosoma\u00ae, un compuesto espec\u00edfico de emulgentes y magnesio, el mineral es f\u00e1cilmente absorbido por el cuerpo. La Tecnolog\u00eda Sucrosomial\u00ae permite que los minerales, que suelen caracterizarse por una absorci\u00f3n reducida y una [&hellip;]\" \/>\n<meta property=\"og:url\" content=\"https:\/\/ultramag.it\/es\/magnesio-sucrosomial-mejor-absorcion-y-alta-tolerabilidad\/\" \/>\n<meta property=\"og:site_name\" content=\"UltraMag\u00ae\" \/>\n<meta property=\"article:modified_time\" content=\"2024-01-29T14:52:39+00:00\" \/>\n<meta property=\"og:image\" content=\"https:\/\/ultramag.it\/wp-content\/uploads\/2024\/01\/sucrosoma_ultramag-esp.png\" \/>\n<meta name=\"twitter:card\" content=\"summary_large_image\" \/>\n<meta name=\"twitter:label1\" content=\"Tiempo de lectura\" \/>\n\t<meta name=\"twitter:data1\" content=\"3 minutos\" \/>\n<script type=\"application\/ld+json\" class=\"yoast-schema-graph\">{\"@context\":\"https:\\\/\\\/schema.org\",\"@graph\":[{\"@type\":\"WebPage\",\"@id\":\"https:\\\/\\\/ultramag.it\\\/es\\\/magnesio-sucrosomial-mejor-absorcion-y-alta-tolerabilidad\\\/\",\"url\":\"https:\\\/\\\/ultramag.it\\\/es\\\/magnesio-sucrosomial-mejor-absorcion-y-alta-tolerabilidad\\\/\",\"name\":\"MAGNESIO SUCROSOMIAL\u00ae: MEJOR ABSORCI\u00d3N Y ALTA TOLERABILIDAD - UltraMag\u00ae\",\"isPartOf\":{\"@id\":\"https:\\\/\\\/ultramag.it\\\/es\\\/#website\"},\"primaryImageOfPage\":{\"@id\":\"https:\\\/\\\/ultramag.it\\\/es\\\/magnesio-sucrosomial-mejor-absorcion-y-alta-tolerabilidad\\\/#primaryimage\"},\"image\":{\"@id\":\"https:\\\/\\\/ultramag.it\\\/es\\\/magnesio-sucrosomial-mejor-absorcion-y-alta-tolerabilidad\\\/#primaryimage\"},\"thumbnailUrl\":\"https:\\\/\\\/ultramag.it\\\/wp-content\\\/uploads\\\/2024\\\/01\\\/sucrosoma_ultramag-esp.png\",\"datePublished\":\"2021-02-16T13:36:37+00:00\",\"dateModified\":\"2024-01-29T14:52:39+00:00\",\"breadcrumb\":{\"@id\":\"https:\\\/\\\/ultramag.it\\\/es\\\/magnesio-sucrosomial-mejor-absorcion-y-alta-tolerabilidad\\\/#breadcrumb\"},\"inLanguage\":\"es\",\"potentialAction\":[{\"@type\":\"ReadAction\",\"target\":[\"https:\\\/\\\/ultramag.it\\\/es\\\/magnesio-sucrosomial-mejor-absorcion-y-alta-tolerabilidad\\\/\"]}]},{\"@type\":\"ImageObject\",\"inLanguage\":\"es\",\"@id\":\"https:\\\/\\\/ultramag.it\\\/es\\\/magnesio-sucrosomial-mejor-absorcion-y-alta-tolerabilidad\\\/#primaryimage\",\"url\":\"https:\\\/\\\/ultramag.it\\\/wp-content\\\/uploads\\\/2024\\\/01\\\/sucrosoma_ultramag-esp.png\",\"contentUrl\":\"https:\\\/\\\/ultramag.it\\\/wp-content\\\/uploads\\\/2024\\\/01\\\/sucrosoma_ultramag-esp.png\"},{\"@type\":\"BreadcrumbList\",\"@id\":\"https:\\\/\\\/ultramag.it\\\/es\\\/magnesio-sucrosomial-mejor-absorcion-y-alta-tolerabilidad\\\/#breadcrumb\",\"itemListElement\":[{\"@type\":\"ListItem\",\"position\":1,\"name\":\"Home\",\"item\":\"https:\\\/\\\/ultramag.it\\\/es\\\/\"},{\"@type\":\"ListItem\",\"position\":2,\"name\":\"MAGNESIO SUCROSOMIAL\u00ae: MEJOR ABSORCI\u00d3N Y ALTA TOLERABILIDAD\"}]},{\"@type\":\"WebSite\",\"@id\":\"https:\\\/\\\/ultramag.it\\\/es\\\/#website\",\"url\":\"https:\\\/\\\/ultramag.it\\\/es\\\/\",\"name\":\"UltraMag\u00ae\",\"description\":\"es un complemento alimenticio a base de &lt;strong&gt;Magnesio Sucrosomial&lt;sup&gt;\u00ae&lt;\\\/strong&gt;&lt;\\\/sup&gt;, \u00fatil para cubrir las deficiencias nutricionales, o el aumento de las necesidades org\u00e1nicas de este nutriente.\",\"publisher\":{\"@id\":\"https:\\\/\\\/ultramag.it\\\/es\\\/#organization\"},\"potentialAction\":[{\"@type\":\"SearchAction\",\"target\":{\"@type\":\"EntryPoint\",\"urlTemplate\":\"https:\\\/\\\/ultramag.it\\\/es\\\/?s={search_term_string}\"},\"query-input\":{\"@type\":\"PropertyValueSpecification\",\"valueRequired\":true,\"valueName\":\"search_term_string\"}}],\"inLanguage\":\"es\"},{\"@type\":\"Organization\",\"@id\":\"https:\\\/\\\/ultramag.it\\\/es\\\/#organization\",\"name\":\"UltraMag\u00ae\",\"url\":\"https:\\\/\\\/ultramag.it\\\/es\\\/\",\"logo\":{\"@type\":\"ImageObject\",\"inLanguage\":\"es\",\"@id\":\"https:\\\/\\\/ultramag.it\\\/es\\\/#\\\/schema\\\/logo\\\/image\\\/\",\"url\":\"https:\\\/\\\/ultramag.it\\\/wp-content\\\/uploads\\\/2023\\\/03\\\/logo_ultramag_2020_SF_bianco.png\",\"contentUrl\":\"https:\\\/\\\/ultramag.it\\\/wp-content\\\/uploads\\\/2023\\\/03\\\/logo_ultramag_2020_SF_bianco.png\",\"width\":1000,\"height\":294,\"caption\":\"UltraMag\u00ae\"},\"image\":{\"@id\":\"https:\\\/\\\/ultramag.it\\\/es\\\/#\\\/schema\\\/logo\\\/image\\\/\"}}]}<\/script>\n<!-- \/ Yoast SEO plugin. -->","yoast_head_json":{"title":"MAGNESIO SUCROSOMIAL\u00ae: MEJOR ABSORCI\u00d3N Y ALTA TOLERABILIDAD - UltraMag\u00ae","robots":{"index":"index","follow":"follow","max-snippet":"max-snippet:-1","max-image-preview":"max-image-preview:large","max-video-preview":"max-video-preview:-1"},"canonical":"https:\/\/ultramag.it\/es\/magnesio-sucrosomial-mejor-absorcion-y-alta-tolerabilidad\/","og_locale":"es_ES","og_type":"article","og_title":"MAGNESIO SUCROSOMIAL\u00ae: MEJOR ABSORCI\u00d3N Y ALTA TOLERABILIDAD - UltraMag\u00ae","og_description":"El Magnesio Sucrosomial\u00ae es una formulaci\u00f3n a base de mol\u00e9culas de \u00f3xido de magnesio protegidas por una estructura innovadora denominada Sucrosoma\u00ae. Gracias al Sucrosoma\u00ae, un compuesto espec\u00edfico de emulgentes y magnesio, el mineral es f\u00e1cilmente absorbido por el cuerpo. La Tecnolog\u00eda Sucrosomial\u00ae permite que los minerales, que suelen caracterizarse por una absorci\u00f3n reducida y una [&hellip;]","og_url":"https:\/\/ultramag.it\/es\/magnesio-sucrosomial-mejor-absorcion-y-alta-tolerabilidad\/","og_site_name":"UltraMag\u00ae","article_modified_time":"2024-01-29T14:52:39+00:00","og_image":[{"url":"https:\/\/ultramag.it\/wp-content\/uploads\/2024\/01\/sucrosoma_ultramag-esp.png","type":"","width":"","height":""}],"twitter_card":"summary_large_image","twitter_misc":{"Tiempo de lectura":"3 minutos"},"schema":{"@context":"https:\/\/schema.org","@graph":[{"@type":"WebPage","@id":"https:\/\/ultramag.it\/es\/magnesio-sucrosomial-mejor-absorcion-y-alta-tolerabilidad\/","url":"https:\/\/ultramag.it\/es\/magnesio-sucrosomial-mejor-absorcion-y-alta-tolerabilidad\/","name":"MAGNESIO SUCROSOMIAL\u00ae: MEJOR ABSORCI\u00d3N Y ALTA TOLERABILIDAD - UltraMag\u00ae","isPartOf":{"@id":"https:\/\/ultramag.it\/es\/#website"},"primaryImageOfPage":{"@id":"https:\/\/ultramag.it\/es\/magnesio-sucrosomial-mejor-absorcion-y-alta-tolerabilidad\/#primaryimage"},"image":{"@id":"https:\/\/ultramag.it\/es\/magnesio-sucrosomial-mejor-absorcion-y-alta-tolerabilidad\/#primaryimage"},"thumbnailUrl":"https:\/\/ultramag.it\/wp-content\/uploads\/2024\/01\/sucrosoma_ultramag-esp.png","datePublished":"2021-02-16T13:36:37+00:00","dateModified":"2024-01-29T14:52:39+00:00","breadcrumb":{"@id":"https:\/\/ultramag.it\/es\/magnesio-sucrosomial-mejor-absorcion-y-alta-tolerabilidad\/#breadcrumb"},"inLanguage":"es","potentialAction":[{"@type":"ReadAction","target":["https:\/\/ultramag.it\/es\/magnesio-sucrosomial-mejor-absorcion-y-alta-tolerabilidad\/"]}]},{"@type":"ImageObject","inLanguage":"es","@id":"https:\/\/ultramag.it\/es\/magnesio-sucrosomial-mejor-absorcion-y-alta-tolerabilidad\/#primaryimage","url":"https:\/\/ultramag.it\/wp-content\/uploads\/2024\/01\/sucrosoma_ultramag-esp.png","contentUrl":"https:\/\/ultramag.it\/wp-content\/uploads\/2024\/01\/sucrosoma_ultramag-esp.png"},{"@type":"BreadcrumbList","@id":"https:\/\/ultramag.it\/es\/magnesio-sucrosomial-mejor-absorcion-y-alta-tolerabilidad\/#breadcrumb","itemListElement":[{"@type":"ListItem","position":1,"name":"Home","item":"https:\/\/ultramag.it\/es\/"},{"@type":"ListItem","position":2,"name":"MAGNESIO SUCROSOMIAL\u00ae: MEJOR ABSORCI\u00d3N Y ALTA TOLERABILIDAD"}]},{"@type":"WebSite","@id":"https:\/\/ultramag.it\/es\/#website","url":"https:\/\/ultramag.it\/es\/","name":"UltraMag\u00ae","description":"es un complemento alimenticio a base de &lt;strong&gt;Magnesio Sucrosomial&lt;sup&gt;\u00ae&lt;\/strong&gt;&lt;\/sup&gt;, \u00fatil para cubrir las deficiencias nutricionales, o el aumento de las necesidades org\u00e1nicas de este nutriente.","publisher":{"@id":"https:\/\/ultramag.it\/es\/#organization"},"potentialAction":[{"@type":"SearchAction","target":{"@type":"EntryPoint","urlTemplate":"https:\/\/ultramag.it\/es\/?s={search_term_string}"},"query-input":{"@type":"PropertyValueSpecification","valueRequired":true,"valueName":"search_term_string"}}],"inLanguage":"es"},{"@type":"Organization","@id":"https:\/\/ultramag.it\/es\/#organization","name":"UltraMag\u00ae","url":"https:\/\/ultramag.it\/es\/","logo":{"@type":"ImageObject","inLanguage":"es","@id":"https:\/\/ultramag.it\/es\/#\/schema\/logo\/image\/","url":"https:\/\/ultramag.it\/wp-content\/uploads\/2023\/03\/logo_ultramag_2020_SF_bianco.png","contentUrl":"https:\/\/ultramag.it\/wp-content\/uploads\/2023\/03\/logo_ultramag_2020_SF_bianco.png","width":1000,"height":294,"caption":"UltraMag\u00ae"},"image":{"@id":"https:\/\/ultramag.it\/es\/#\/schema\/logo\/image\/"}}]}},"_links":{"self":[{"href":"https:\/\/ultramag.it\/es\/wp-json\/wp\/v2\/pages\/1079","targetHints":{"allow":["GET"]}}],"collection":[{"href":"https:\/\/ultramag.it\/es\/wp-json\/wp\/v2\/pages"}],"about":[{"href":"https:\/\/ultramag.it\/es\/wp-json\/wp\/v2\/types\/page"}],"author":[{"embeddable":true,"href":"https:\/\/ultramag.it\/es\/wp-json\/wp\/v2\/users\/8"}],"replies":[{"embeddable":true,"href":"https:\/\/ultramag.it\/es\/wp-json\/wp\/v2\/comments?post=1079"}],"version-history":[{"count":2,"href":"https:\/\/ultramag.it\/es\/wp-json\/wp\/v2\/pages\/1079\/revisions"}],"predecessor-version":[{"id":1239,"href":"https:\/\/ultramag.it\/es\/wp-json\/wp\/v2\/pages\/1079\/revisions\/1239"}],"wp:attachment":[{"href":"https:\/\/ultramag.it\/es\/wp-json\/wp\/v2\/media?parent=1079"}],"curies":[{"name":"wp","href":"https:\/\/api.w.org\/{rel}","templated":true}]}}