{"id":789,"date":"2021-02-17T16:23:20","date_gmt":"2021-02-17T15:23:20","guid":{"rendered":"https:\/\/ultramag.it\/magnesio-dove-si-trova\/"},"modified":"2023-03-15T10:56:16","modified_gmt":"2023-03-15T09:56:16","slug":"where-we-find-magnesium","status":"publish","type":"page","link":"https:\/\/ultramag.it\/en\/where-we-find-magnesium\/","title":{"rendered":"Magnesium, the mineral that is an ally for our well-being"},"content":{"rendered":"\n<h2 class=\"wp-block-heading\">Where we find magnesium<\/h2>\n\n\n\n<p><strong>Magnesium<\/strong> is an essential element for human health, as well as one of the most commonly found minerals in the human body. It is estimated that the <strong>total quantity of magnesium<\/strong> in adults varies from 20 g to 28 g (around 0.34% of body mass!). Magnesium is distributed between:<\/p>\n\n\n\n<div class=\"col-md-12\"><img decoding=\"async\" src=\"https:\/\/ultramag.it\/wp-content\/uploads\/2021\/03\/FruttaVerdura.png\" style=\"position: absolute;\n    z-index: -1;\"><div class=\"g_1\"><span class=\"nero\">60% BONES<\/span><\/div>\n<div class=\"g_2\"><span class=\"nero\">30% MUSCLES<\/span><\/div>\n<div class=\"g_3\"><span class=\"nero\">10% OTHER TISSUES AND BLOOD<\/span><\/div>\n<\/div>\n\n\n\n<div style=\"height:155px\" aria-hidden=\"true\" class=\"wp-block-spacer\"><\/div>\n\n\n\n<p>When we talk of <strong>intracellular magnesium<\/strong> we refer to that found in the muscles, soft tissues and red blood cells; <strong>extracellular magnesium<\/strong> on the other hand also includes serum magnesium.<\/p>\n\n\n\n<p>Unfortunately, as serum contains only 0.3% of the magnesium found in the human body, checking total reserves simply by analysing the serum may not be very accurate. To understand if a person suffers from hypomagnesemia (magnesium deficiency), we have to measure the magnesium dosage through a loading test on urine collected over 24h.<\/p>\n\n\n\n<p>In most cases, however, disturbances caused by magnesium deficiency are easy to identify, making the diagnosis immediate even without specific clinical tests.<\/p>\n\n\n\n<h2 class=\"wp-block-heading\">Magnesium in foods: the secret lies in what we eat<\/h2>\n\n\n\n<p>In normal conditions, the plasmatic concentration of magnesium varies between 1.7 and 2.6 mg\/dL. To keep these values constant, the <strong>daily intake of magnesium<\/strong> is <strong>420 mg for men<\/strong> and <strong>320 mg for women<\/strong>, excluding periods of pregnancy and breast-feeding, when the intake should be between 350 and 450 mg.<\/p>\n\n\n\n<p>A correct, <strong>balanced diet<\/strong> can provide the body with all the nutrients it requires. In the case of magnesium, <strong>water intake<\/strong> is also essential: alone, in fact, it can provide almost 10% of the daily requirement. The waters richest in magnesium are \u201chard waters\u201d, those which contain around 30 mg\/L of the mineral.<\/p>\n\n\n\n<p><strong>The foods that are richest in magnesium<\/strong> are walnuts, cocoa, oil seeds (e.g., pumpkin, sunflower, linseed and soy), beans, cereals and all green vegetables (in fact, magnesium is an integral part of chlorophyll!). To a lesser extent, good sources of magnesium are also fruit (particularly peaches, bananas and cherries), meat, fish and dairy products. However, take care when cooking, even for a short time, as this significantly reduces the content of magnesium, and generally all the most important nutrients.<\/p>\n\n\n\n<p><strong>Magnesium content in foods<\/strong>:<\/p>\n\n\n\n<figure class=\"wp-block-table is-style-stripes\"><table class=\"has-fixed-layout\"><thead><tr><th><strong>HIGH<\/strong><\/th><th><strong>mg\/100 g<\/strong><\/th><th><strong>MEDIUM<\/strong><\/th><th>mg\/100g<\/th><th><strong>LOW<\/strong><\/th><th>mg\/100g<\/th><\/tr><\/thead><tbody><tr><td>Bran<\/td><td>420<\/td><td>Sweetcorn<\/td><td>120<\/td><td>Pasta<\/td><td>57<\/td><\/tr><tr><td>Dark chocolate<\/td><td>292<\/td><td>Chard<\/td><td>113<\/td><td>Fish<\/td><td>54<\/td><\/tr><tr><td>Almonds<\/td><td>255<\/td><td>Milk <br>chocolate<\/td><td>107<\/td><td>White flour<\/td><td>37<\/td><\/tr><tr><td>Cocoa<\/td><td>192<\/td><td>Whole grain rice<\/td><td>106<\/td><td>Bananas<\/td><td>31<\/td><\/tr><tr><td>Peanuts<\/td><td>167<\/td><td>Dried figs<\/td><td>82<\/td><td>Veal<\/td><td>28<\/td><\/tr><tr><td><\/td><td><\/td><td>Whole wheat bread<\/td><td>60<\/td><td>Beef, pork<\/td><td>25<\/td><\/tr><tr><td><\/td><td><\/td><td><\/td><td><\/td><td>Cherries<\/td><td>14<\/td><\/tr><tr><td><\/td><td><\/td><td><\/td><td><\/td><td>Plums, oranges<\/td><td>11<\/td><\/tr><tr><td><\/td><td><\/td><td><\/td><td><\/td><td>Apples, pears<\/td><td>10<\/td><\/tr><\/tbody><\/table><figcaption class=\"wp-element-caption\">List of foods with high magnesium content<\/figcaption><\/figure>\n\n\n\n<h2 class=\"wp-block-heading\">How many types of magnesium are there?<\/h2>\n\n\n\n<p>Magnesium is sold in different forms, and they are not all the same. The <strong>different types of magnesium<\/strong> are divided into:<\/p>\n\n\n\n<ul class=\"wp-block-list\">\n<li><strong>organic salts <\/strong>(magnesium pidolate, magnesium gluconate, magnesium citrate, magnesium aspartate)<\/li>\n\n\n\n<li><strong>inorganic salts <\/strong>(magnesium oxide, magnesium chloride, magnesium sulphate, magnesium carbonate)<\/li>\n\n\n\n<li><strong>magnesium complexes, or chelates<\/strong> (magnesium glycinate)<\/li>\n<\/ul>\n\n\n\n<figure class=\"wp-block-table is-style-stripes\"><table class=\"has-fixed-layout\"><thead><tr><th><strong>MAGNESIUM SALT<\/strong><\/th><th><strong>GRAMS OF MAGNESIUM PER GRAM OF COMPOUND<\/strong><\/th><th><strong>PERCENTAGE OF MAGNESIUM BY COMPOUND<\/strong><\/th><\/tr><\/thead><tbody><tr><td>Magnesium oxide<\/td><td>0,600g<\/td><td>60%<\/td><\/tr><tr><td>Magnesium citrate<\/td><td>0,160g<\/td><td>16%<\/td><\/tr><tr><td>Magnesium lactate<\/td><td>0,120g<\/td><td>12%<\/td><\/tr><tr><td>Magnesium pyruvate<\/td><td>0,100g<\/td><td>10%<\/td><\/tr><tr><td>Magnesium sulphate<\/td><td>0,100g<\/td><td>10%<\/td><\/tr><tr><td>Magnesium pidolate<\/td><td>0,087g<\/td><td>8,7%<\/td><\/tr><tr><td>Magnesium orotate<\/td><td>0,077g<\/td><td>7,7%<\/td><\/tr><tr><td>Magnesium gluconate<\/td><td>0,058g<\/td><td>5,8%<\/td><\/tr><\/tbody><\/table><figcaption class=\"wp-element-caption\">Magnesium content in the various magnesium salts commonly available on the market<\/figcaption><\/figure>\n\n\n\n<p>Organic forms are more absorbable than inorganic forms, and this is why most magnesium supplements are made with organic salts. However, among the various salts available, <strong>magnesium oxide<\/strong> is that with the highest content of magnesium element, and is therefore an excellent source when made more absorbable. This is the task of <a href=\"https:\/\/ultramag.it\/en\/magnesio-sucrosomiale\/\">Sucrosomial\u00ae Technology<\/a>, a patented delivery system that encapsulates the magnesium oxide molecules in a protective matrix that increases gastroresistance and improves absorption.<\/p>\n\n\n\n<div style=\"height:100px\" aria-hidden=\"true\" class=\"wp-block-spacer\"><\/div>\n","protected":false},"excerpt":{"rendered":"<p>Where we find magnesium Magnesium is an essential element for human health, as well as one of the most commonly found minerals in the human body. It is estimated that the total quantity of magnesium in adults varies from 20 g to 28 g (around 0.34% of body mass!). Magnesium is distributed between: 60% BONES [&hellip;]<\/p>\n","protected":false},"author":4,"featured_media":0,"parent":0,"menu_order":0,"comment_status":"closed","ping_status":"closed","template":"","meta":{"_acf_changed":false,"footnotes":""},"class_list":["post-789","page","type-page","status-publish","hentry"],"acf":[],"yoast_head":"<!-- This site is optimized with the Yoast SEO plugin v27.3 - https:\/\/yoast.com\/product\/yoast-seo-wordpress\/ -->\n<title>Dove si trova il magnesio e quali alimenti prediligere - UltraMag\u00ae<\/title>\n<meta name=\"description\" content=\"Dove si trova il magnesio e perch\u00e9 \u00e8 utile? Quali sono gli alimenti pi\u00f9 ricchi di magnesio che fanno bene al nostro organismo? Scopri di pi\u00f9.\" \/>\n<meta name=\"robots\" content=\"index, follow, max-snippet:-1, max-image-preview:large, max-video-preview:-1\" \/>\n<link rel=\"canonical\" href=\"https:\/\/ultramag.it\/en\/where-we-find-magnesium\/\" \/>\n<meta property=\"og:locale\" content=\"en_US\" \/>\n<meta property=\"og:type\" content=\"article\" \/>\n<meta property=\"og:title\" content=\"Dove si trova il magnesio e quali alimenti prediligere - UltraMag\u00ae\" \/>\n<meta property=\"og:description\" content=\"Dove si trova il magnesio e perch\u00e9 \u00e8 utile? Quali sono gli alimenti pi\u00f9 ricchi di magnesio che fanno bene al nostro organismo? Scopri di pi\u00f9.\" \/>\n<meta property=\"og:url\" content=\"https:\/\/ultramag.it\/en\/where-we-find-magnesium\/\" \/>\n<meta property=\"og:site_name\" content=\"UltraMag\u00ae\" \/>\n<meta property=\"article:modified_time\" content=\"2023-03-15T09:56:16+00:00\" \/>\n<meta property=\"og:image\" content=\"https:\/\/ultramag.it\/wp-content\/uploads\/2021\/03\/FruttaVerdura.png\" \/>\n<meta name=\"twitter:card\" content=\"summary_large_image\" \/>\n<meta name=\"twitter:label1\" content=\"Est. reading time\" \/>\n\t<meta name=\"twitter:data1\" content=\"4 minutes\" \/>\n<script type=\"application\/ld+json\" class=\"yoast-schema-graph\">{\"@context\":\"https:\\\/\\\/schema.org\",\"@graph\":[{\"@type\":\"WebPage\",\"@id\":\"https:\\\/\\\/ultramag.it\\\/en\\\/where-we-find-magnesium\\\/\",\"url\":\"https:\\\/\\\/ultramag.it\\\/en\\\/where-we-find-magnesium\\\/\",\"name\":\"Dove si trova il magnesio e quali alimenti prediligere - UltraMag\u00ae\",\"isPartOf\":{\"@id\":\"https:\\\/\\\/ultramag.it\\\/en\\\/#website\"},\"primaryImageOfPage\":{\"@id\":\"https:\\\/\\\/ultramag.it\\\/en\\\/where-we-find-magnesium\\\/#primaryimage\"},\"image\":{\"@id\":\"https:\\\/\\\/ultramag.it\\\/en\\\/where-we-find-magnesium\\\/#primaryimage\"},\"thumbnailUrl\":\"https:\\\/\\\/ultramag.it\\\/wp-content\\\/uploads\\\/2021\\\/03\\\/FruttaVerdura.png\",\"datePublished\":\"2021-02-17T15:23:20+00:00\",\"dateModified\":\"2023-03-15T09:56:16+00:00\",\"description\":\"Dove si trova il magnesio e perch\u00e9 \u00e8 utile? Quali sono gli alimenti pi\u00f9 ricchi di magnesio che fanno bene al nostro organismo? Scopri di pi\u00f9.\",\"breadcrumb\":{\"@id\":\"https:\\\/\\\/ultramag.it\\\/en\\\/where-we-find-magnesium\\\/#breadcrumb\"},\"inLanguage\":\"en-US\",\"potentialAction\":[{\"@type\":\"ReadAction\",\"target\":[\"https:\\\/\\\/ultramag.it\\\/en\\\/where-we-find-magnesium\\\/\"]}]},{\"@type\":\"ImageObject\",\"inLanguage\":\"en-US\",\"@id\":\"https:\\\/\\\/ultramag.it\\\/en\\\/where-we-find-magnesium\\\/#primaryimage\",\"url\":\"https:\\\/\\\/ultramag.it\\\/wp-content\\\/uploads\\\/2021\\\/03\\\/FruttaVerdura.png\",\"contentUrl\":\"https:\\\/\\\/ultramag.it\\\/wp-content\\\/uploads\\\/2021\\\/03\\\/FruttaVerdura.png\"},{\"@type\":\"BreadcrumbList\",\"@id\":\"https:\\\/\\\/ultramag.it\\\/en\\\/where-we-find-magnesium\\\/#breadcrumb\",\"itemListElement\":[{\"@type\":\"ListItem\",\"position\":1,\"name\":\"Home\",\"item\":\"https:\\\/\\\/ultramag.it\\\/en\\\/\"},{\"@type\":\"ListItem\",\"position\":2,\"name\":\"Magnesium, the mineral that is an ally for our well-being\"}]},{\"@type\":\"WebSite\",\"@id\":\"https:\\\/\\\/ultramag.it\\\/en\\\/#website\",\"url\":\"https:\\\/\\\/ultramag.it\\\/en\\\/\",\"name\":\"UltraMag\u00ae\",\"description\":\"is a nutritional supplement with <strong>Sucrosomial<sup>\u00ae <\\\/sup>Magnesium<\\\/strong>, used to treat dietary deficiencies or when higher organic levels of this nutrient are required.\",\"publisher\":{\"@id\":\"https:\\\/\\\/ultramag.it\\\/en\\\/#organization\"},\"potentialAction\":[{\"@type\":\"SearchAction\",\"target\":{\"@type\":\"EntryPoint\",\"urlTemplate\":\"https:\\\/\\\/ultramag.it\\\/en\\\/?s={search_term_string}\"},\"query-input\":{\"@type\":\"PropertyValueSpecification\",\"valueRequired\":true,\"valueName\":\"search_term_string\"}}],\"inLanguage\":\"en-US\"},{\"@type\":\"Organization\",\"@id\":\"https:\\\/\\\/ultramag.it\\\/en\\\/#organization\",\"name\":\"UltraMag\u00ae\",\"url\":\"https:\\\/\\\/ultramag.it\\\/en\\\/\",\"logo\":{\"@type\":\"ImageObject\",\"inLanguage\":\"en-US\",\"@id\":\"https:\\\/\\\/ultramag.it\\\/en\\\/#\\\/schema\\\/logo\\\/image\\\/\",\"url\":\"https:\\\/\\\/ultramag.it\\\/wp-content\\\/uploads\\\/2023\\\/03\\\/logo_ultramag_2020_SF_bianco.png\",\"contentUrl\":\"https:\\\/\\\/ultramag.it\\\/wp-content\\\/uploads\\\/2023\\\/03\\\/logo_ultramag_2020_SF_bianco.png\",\"width\":1000,\"height\":294,\"caption\":\"UltraMag\u00ae\"},\"image\":{\"@id\":\"https:\\\/\\\/ultramag.it\\\/en\\\/#\\\/schema\\\/logo\\\/image\\\/\"}}]}<\/script>\n<!-- \/ Yoast SEO plugin. -->","yoast_head_json":{"title":"Dove si trova il magnesio e quali alimenti prediligere - UltraMag\u00ae","description":"Dove si trova il magnesio e perch\u00e9 \u00e8 utile? Quali sono gli alimenti pi\u00f9 ricchi di magnesio che fanno bene al nostro organismo? Scopri di pi\u00f9.","robots":{"index":"index","follow":"follow","max-snippet":"max-snippet:-1","max-image-preview":"max-image-preview:large","max-video-preview":"max-video-preview:-1"},"canonical":"https:\/\/ultramag.it\/en\/where-we-find-magnesium\/","og_locale":"en_US","og_type":"article","og_title":"Dove si trova il magnesio e quali alimenti prediligere - UltraMag\u00ae","og_description":"Dove si trova il magnesio e perch\u00e9 \u00e8 utile? Quali sono gli alimenti pi\u00f9 ricchi di magnesio che fanno bene al nostro organismo? Scopri di pi\u00f9.","og_url":"https:\/\/ultramag.it\/en\/where-we-find-magnesium\/","og_site_name":"UltraMag\u00ae","article_modified_time":"2023-03-15T09:56:16+00:00","og_image":[{"url":"https:\/\/ultramag.it\/wp-content\/uploads\/2021\/03\/FruttaVerdura.png","type":"","width":"","height":""}],"twitter_card":"summary_large_image","twitter_misc":{"Est. reading time":"4 minutes"},"schema":{"@context":"https:\/\/schema.org","@graph":[{"@type":"WebPage","@id":"https:\/\/ultramag.it\/en\/where-we-find-magnesium\/","url":"https:\/\/ultramag.it\/en\/where-we-find-magnesium\/","name":"Dove si trova il magnesio e quali alimenti prediligere - UltraMag\u00ae","isPartOf":{"@id":"https:\/\/ultramag.it\/en\/#website"},"primaryImageOfPage":{"@id":"https:\/\/ultramag.it\/en\/where-we-find-magnesium\/#primaryimage"},"image":{"@id":"https:\/\/ultramag.it\/en\/where-we-find-magnesium\/#primaryimage"},"thumbnailUrl":"https:\/\/ultramag.it\/wp-content\/uploads\/2021\/03\/FruttaVerdura.png","datePublished":"2021-02-17T15:23:20+00:00","dateModified":"2023-03-15T09:56:16+00:00","description":"Dove si trova il magnesio e perch\u00e9 \u00e8 utile? Quali sono gli alimenti pi\u00f9 ricchi di magnesio che fanno bene al nostro organismo? Scopri di pi\u00f9.","breadcrumb":{"@id":"https:\/\/ultramag.it\/en\/where-we-find-magnesium\/#breadcrumb"},"inLanguage":"en-US","potentialAction":[{"@type":"ReadAction","target":["https:\/\/ultramag.it\/en\/where-we-find-magnesium\/"]}]},{"@type":"ImageObject","inLanguage":"en-US","@id":"https:\/\/ultramag.it\/en\/where-we-find-magnesium\/#primaryimage","url":"https:\/\/ultramag.it\/wp-content\/uploads\/2021\/03\/FruttaVerdura.png","contentUrl":"https:\/\/ultramag.it\/wp-content\/uploads\/2021\/03\/FruttaVerdura.png"},{"@type":"BreadcrumbList","@id":"https:\/\/ultramag.it\/en\/where-we-find-magnesium\/#breadcrumb","itemListElement":[{"@type":"ListItem","position":1,"name":"Home","item":"https:\/\/ultramag.it\/en\/"},{"@type":"ListItem","position":2,"name":"Magnesium, the mineral that is an ally for our well-being"}]},{"@type":"WebSite","@id":"https:\/\/ultramag.it\/en\/#website","url":"https:\/\/ultramag.it\/en\/","name":"UltraMag\u00ae","description":"is a nutritional supplement with <strong>Sucrosomial<sup>\u00ae <\/sup>Magnesium<\/strong>, used to treat dietary deficiencies or when higher organic levels of this nutrient are required.","publisher":{"@id":"https:\/\/ultramag.it\/en\/#organization"},"potentialAction":[{"@type":"SearchAction","target":{"@type":"EntryPoint","urlTemplate":"https:\/\/ultramag.it\/en\/?s={search_term_string}"},"query-input":{"@type":"PropertyValueSpecification","valueRequired":true,"valueName":"search_term_string"}}],"inLanguage":"en-US"},{"@type":"Organization","@id":"https:\/\/ultramag.it\/en\/#organization","name":"UltraMag\u00ae","url":"https:\/\/ultramag.it\/en\/","logo":{"@type":"ImageObject","inLanguage":"en-US","@id":"https:\/\/ultramag.it\/en\/#\/schema\/logo\/image\/","url":"https:\/\/ultramag.it\/wp-content\/uploads\/2023\/03\/logo_ultramag_2020_SF_bianco.png","contentUrl":"https:\/\/ultramag.it\/wp-content\/uploads\/2023\/03\/logo_ultramag_2020_SF_bianco.png","width":1000,"height":294,"caption":"UltraMag\u00ae"},"image":{"@id":"https:\/\/ultramag.it\/en\/#\/schema\/logo\/image\/"}}]}},"_links":{"self":[{"href":"https:\/\/ultramag.it\/en\/wp-json\/wp\/v2\/pages\/789","targetHints":{"allow":["GET"]}}],"collection":[{"href":"https:\/\/ultramag.it\/en\/wp-json\/wp\/v2\/pages"}],"about":[{"href":"https:\/\/ultramag.it\/en\/wp-json\/wp\/v2\/types\/page"}],"author":[{"embeddable":true,"href":"https:\/\/ultramag.it\/en\/wp-json\/wp\/v2\/users\/4"}],"replies":[{"embeddable":true,"href":"https:\/\/ultramag.it\/en\/wp-json\/wp\/v2\/comments?post=789"}],"version-history":[{"count":3,"href":"https:\/\/ultramag.it\/en\/wp-json\/wp\/v2\/pages\/789\/revisions"}],"predecessor-version":[{"id":889,"href":"https:\/\/ultramag.it\/en\/wp-json\/wp\/v2\/pages\/789\/revisions\/889"}],"wp:attachment":[{"href":"https:\/\/ultramag.it\/en\/wp-json\/wp\/v2\/media?parent=789"}],"curies":[{"name":"wp","href":"https:\/\/api.w.org\/{rel}","templated":true}]}}